{"id":79,"date":"2022-04-21T12:12:30","date_gmt":"2022-04-21T10:12:30","guid":{"rendered":"http:\/\/fabernet.webpreview.at\/fabergroup\/?page_id=79"},"modified":"2024-08-27T14:46:47","modified_gmt":"2024-08-27T12:46:47","slug":"zweirad-fuhrpark","status":"publish","type":"page","link":"https:\/\/fabernet.webpreview.at\/fabergroup\/zweirad-fuhrpark\/","title":{"rendered":"Zweirad-Fuhrpark"},"content":{"rendered":"<!-- VideographyWP Plugin Message: Automatic video embedding prevented by plugin options. -->\n\n<div class=\"wp-block-media-text alignwide has-media-on-the-right is-stacked-on-mobile\"><div class=\"wp-block-media-text__content\">\n<p>Piaggio stellt auch <strong>Fahrzeuge <\/strong>f\u00fcr den <strong>Transport- und Logistikbereich<\/strong> bereit. Die <strong>Vorteile<\/strong> von Zweir\u00e4dern als <strong>Alternativ- oder Erg\u00e4nzungsfahrzeuge<\/strong> eines Fuhrparks im <strong>Zustellbereich<\/strong>, im <strong>Werksverkehr <\/strong>oder im <strong>Mitarbeiter-Fuhrpark<\/strong> liegen klar auf der Hand: deutlich <strong>niedrigere Kosten in der Beschaffung<\/strong>, <strong>Wendigkeit<\/strong>, <strong>Schnelligkeit<\/strong>, die <strong>Befreiung von Parkgeb\u00fchren<\/strong> und nat\u00fcrlich auch der <strong>Spa\u00dffaktor <\/strong>f\u00fcr die Benutzerinnen und Benutzer.&nbsp;Hinzu kommt, dass Zweir\u00e4der <strong>weniger CO2 Aussto\u00df<\/strong> haben und somit auch die Umwelt weniger belasten.<\/p>\n<\/div><figure class=\"wp-block-media-text__media\"><img loading=\"lazy\" decoding=\"async\" width=\"1003\" height=\"669\" src=\"http:\/\/fabernet.webpreview.at\/fabergroup\/wp-content\/uploads\/2023\/02\/RotKreuz_MP3_image.jpg\" alt=\"\" class=\"wp-image-624 size-full\" srcset=\"https:\/\/fabernet.webpreview.at\/fabergroup\/wp-content\/uploads\/2023\/02\/RotKreuz_MP3_image.jpg 1003w, https:\/\/fabernet.webpreview.at\/fabergroup\/wp-content\/uploads\/2023\/02\/RotKreuz_MP3_image-300x200.jpg 300w, https:\/\/fabernet.webpreview.at\/fabergroup\/wp-content\/uploads\/2023\/02\/RotKreuz_MP3_image-768x512.jpg 768w\" sizes=\"auto, (max-width: 1003px) 100vw, 1003px\" \/><\/figure><\/div>\n\n\n<div class=\"n2_clear\"><ss3-force-full-width data-overflow-x=\"body\" data-horizontal-selector=\"\"><div class=\"n2-section-smartslider fitvidsignore  n2_clear\" data-ssid=\"3\" tabindex=\"0\" role=\"region\" aria-label=\"Slider\"><div id=\"n2-ss-3-align\" class=\"n2-ss-align\"><div class=\"n2-padding\"><div id=\"n2-ss-3\" data-creator=\"Smart Slider 3\" data-responsive=\"fullwidth\" class=\"n2-ss-slider n2-ow n2-has-hover n2notransition  \">\n\n\n\n\n\n\n\n\n\n<div class=\"n2-ss-slider-wrapper-inside\">\n        <div class=\"n2-ss-slider-1 n2_ss__touch_element n2-ow\">\n            <div class=\"n2-ss-slider-2 n2-ow\">\n                                                <div class=\"n2-ss-slider-3 n2-ow\">\n\n                    <div class=\"n2-ss-slide-backgrounds n2-ow-all\"><div class=\"n2-ss-slide-background\" data-public-id=\"1\" data-mode=\"fit\"><div class=\"n2-ss-slide-background-image\" data-blur=\"0\" data-opacity=\"100\" data-x=\"100\" data-y=\"50\" data-alt=\"\" data-title=\"\" style=\"--ss-o-pos-x:100%\"><picture class=\"skip-lazy\" data-skip-lazy=\"1\"><img decoding=\"async\" src=\"\/\/fabernet.webpreview.at\/fabergroup\/wp-content\/uploads\/slider\/cache\/3b8b3e58df6b74cd65a926daf57709ec\/Liberty-delivery-125-CBS-4S-E4-3-4-DR-Full-Optional-scaled.jpg\" alt=\"\" title=\"\" loading=\"lazy\" class=\"skip-lazy\" data-skip-lazy=\"1\"><\/picture><\/div><div data-color=\"RGBA(255,255,255,1)\" style=\"background-color: RGBA(255,255,255,1);\" class=\"n2-ss-slide-background-color\"><\/div><\/div><div class=\"n2-ss-slide-background\" data-public-id=\"2\" data-mode=\"fit\"><div class=\"n2-ss-slide-background-image\" data-blur=\"0\" data-opacity=\"100\" data-x=\"100\" data-y=\"50\" data-alt=\"\" data-title=\"\" style=\"--ss-o-pos-x:100%\"><picture class=\"skip-lazy\" data-skip-lazy=\"1\"><img decoding=\"async\" src=\"\/\/fabernet.webpreview.at\/fabergroup\/wp-content\/uploads\/slider\/cache\/ad87d556cf67d1ec2df7337314d0b4c5\/MyMoover-scaled.jpg\" alt=\"\" title=\"\" loading=\"lazy\" class=\"skip-lazy\" data-skip-lazy=\"1\"><\/picture><\/div><div data-color=\"RGBA(255,255,255,1)\" style=\"background-color: RGBA(255,255,255,1);\" class=\"n2-ss-slide-background-color\"><\/div><\/div><div class=\"n2-ss-slide-background\" data-public-id=\"3\" data-mode=\"fit\"><div class=\"n2-ss-slide-background-image\" data-blur=\"0\" data-opacity=\"100\" data-x=\"100\" data-y=\"50\" data-alt=\"\" data-title=\"\" style=\"--ss-o-pos-x:100%\"><picture class=\"skip-lazy\" data-skip-lazy=\"1\"><img decoding=\"async\" src=\"\/\/fabernet.webpreview.at\/fabergroup\/wp-content\/uploads\/slider\/cache\/c576c7bc61ef052a22d1cd03e8c878af\/MP\u00a71-scaled.jpg\" alt=\"\" title=\"\" loading=\"lazy\" class=\"skip-lazy\" data-skip-lazy=\"1\"><\/picture><\/div><div data-color=\"RGBA(255,255,255,1)\" style=\"background-color: RGBA(255,255,255,1);\" class=\"n2-ss-slide-background-color\"><\/div><\/div><div class=\"n2-ss-slide-background\" data-public-id=\"4\" data-mode=\"fit\"><div class=\"n2-ss-slide-background-image\" data-blur=\"0\" data-opacity=\"100\" data-x=\"100\" data-y=\"46\" data-alt=\"\" data-title=\"\" style=\"--ss-o-pos-x:100%;--ss-o-pos-y:46%\"><picture class=\"skip-lazy\" data-skip-lazy=\"1\"><img decoding=\"async\" src=\"\/\/fabernet.webpreview.at\/fabergroup\/wp-content\/uploads\/slider\/cache\/eb42e0b917c553e75cededbc4c146875\/PIAGGIO1-scaled.jpg\" alt=\"\" title=\"\" loading=\"lazy\" class=\"skip-lazy\" data-skip-lazy=\"1\"><\/picture><\/div><div data-color=\"RGBA(255,255,255,0)\" style=\"background-color: RGBA(255,255,255,0);\" class=\"n2-ss-slide-background-color\"><\/div><\/div><\/div>                    <div class=\"n2-ss-slider-4 n2-ow\">\n                        <svg xmlns=\"http:\/\/www.w3.org\/2000\/svg\" viewBox=\"0 0 1200 600\" data-related-device=\"desktopPortrait\" class=\"n2-ow n2-ss-preserve-size n2-ss-preserve-size--slider n2-ss-slide-limiter\"><\/svg><div data-slide-duration=\"0\" data-id=\"18\" data-slide-public-id=\"1\" data-title=\"Slide 1\" class=\"n2-ss-slide n2-ow  n2-ss-slide-18\"><div role=\"note\" class=\"n2-ss-slide--focus\" tabindex=\"-1\">Slide 1<\/div><div class=\"n2-ss-layers-container n2-ss-slide-limiter n2-ow\"><div class=\"n2-ss-layer n2-ow n-uc-wC9rA0vYPZYg\" data-sstype=\"slide\" data-pm=\"default\"><div class=\"n2-ss-layer n2-ow n-uc-1c6c49c96a8d6\" data-pm=\"default\" data-sstype=\"content\" data-hasbackground=\"0\"><div class=\"n2-ss-section-main-content n2-ss-layer-with-background n2-ss-layer-content n2-ow n-uc-1c6c49c96a8d6-inner\"><div class=\"n2-ss-layer n2-ow n2-ss-layer--block n2-ss-has-self-align n-uc-mG2k8HLSPV4a\" data-pm=\"normal\" data-sstype=\"row\"><div class=\"n2-ss-layer-row n2-ss-layer-with-background n-uc-mG2k8HLSPV4a-inner\"><div class=\"n2-ss-layer-row-inner \"><div class=\"n2-ss-layer n2-ow n-uc-153023fc3458e\" data-pm=\"default\" data-sstype=\"col\"><div class=\"n2-ss-layer-col n2-ss-layer-with-background n2-ss-layer-content n-uc-153023fc3458e-inner\"><div class=\"n2-ss-layer n2-ow n-uc-l5VOHDwlxxXu\" data-pm=\"normal\" data-sstype=\"layer\"><div class=\"n2-ss-item-content n2-ss-text n2-ow-all\"><div class=\"\"><p class=\"n2-font-22afd4212b99ceb059a4b69f03a77835-paragraph   \">Last Mile Delivery<\/p>\n<\/div><\/div><\/div><div class=\"n2-ss-layer n2-ow n-uc-A3iho7WnCNLp\" data-pm=\"normal\" data-sstype=\"layer\"><div id=\"n2-ss-3item2\" class=\"n2-font-783cdbede709fc505411d36429dbb690-hover   n2-ss-item-content n2-ss-text n2-ow\" style=\"display:block;\">Piaggio <br>Liberty Delivery<\/div><\/div><div class=\"n2-ss-layer n2-ow n-uc-sf9hjK10jOd5\" data-pm=\"normal\" data-sstype=\"layer\"><\/div><div class=\"n2-ss-layer n2-ow n-uc-aK32FAB0sODG\" data-pm=\"normal\" data-sstype=\"layer\"><div class=\"n2-ss-item-content n2-ss-text n2-ow-all\"><div class=\"\"><p class=\"n2-font-c3f7235affd68a0fbb35dd68186894ad-paragraph   \">Die <b>Piaggio Liberty Delivery<\/b> ist seit Jahren zuverl\u00e4ssliches Transportmittel im Dienst der \u00f6sterreichischen Post. Der <b>wendige<\/b> Roller bietet <b>rasches Vorankommen<\/b> auch im stockenden Verkehr sowie eine <b>Ladekapazit\u00e4t von 65 kg<\/b>.<\/p>\n<\/div><\/div><\/div><div class=\"n2-ss-layer n2-ow n-uc-vbXU3g7OjwvP n2-ss-layer--auto\" data-pm=\"normal\" data-sstype=\"layer\"><div class=\"n2-ss-button-container n2-ss-item-content n2-ow n2-font-b6e3fdb36280b3eed85b29293a41b1bc-link  n2-ss-nowrap n2-ss-button-container--non-full-width\"><a class=\"n2-style-c7bd15d14d7328367df4ed72e272ab3b-heading  n2-ow \" onclick=\"n2ss.scroll(event, &quot;after&quot;, this.closest(&quot;.n2-ss-slider&quot;));\" href=\"#\"><div><div>Jetzt Informationen anfordern<\/div><\/div><\/a><\/div><\/div><\/div><\/div><\/div><\/div><\/div><div class=\"n2-ss-layer n2-ow n-uc-tnhAxYoYBVcg\" data-pm=\"normal\" data-sstype=\"layer\"><\/div><div class=\"n2-ss-layer n2-ow n-uc-PJcMz6Ho6KXQ\" data-pm=\"normal\" data-sstype=\"layer\"><\/div><div class=\"n2-ss-layer n2-ow n-uc-m9fCduMxOB2v\" data-pm=\"normal\" data-sstype=\"layer\"><\/div><\/div><\/div><\/div><\/div><\/div><div data-first=\"1\" data-slide-duration=\"0\" data-id=\"19\" data-slide-public-id=\"2\" data-title=\"Slide 2\" class=\"n2-ss-slide n2-ow  n2-ss-slide-19\"><div role=\"note\" class=\"n2-ss-slide--focus\" tabindex=\"-1\">Slide 2<\/div><div class=\"n2-ss-layers-container n2-ss-slide-limiter n2-ow\"><div class=\"n2-ss-layer n2-ow n-uc-A6bZbcARt8el\" data-sstype=\"slide\" data-pm=\"default\"><div class=\"n2-ss-layer n2-ow n-uc-1829a52027e79\" data-pm=\"default\" data-sstype=\"content\" data-hasbackground=\"0\"><div class=\"n2-ss-section-main-content n2-ss-layer-with-background n2-ss-layer-content n2-ow n-uc-1829a52027e79-inner\"><div class=\"n2-ss-layer n2-ow n2-ss-layer--block n2-ss-has-self-align n-uc-W5vG5zV3AlRw\" data-pm=\"normal\" data-sstype=\"row\"><div class=\"n2-ss-layer-row n2-ss-layer-with-background n-uc-W5vG5zV3AlRw-inner\"><div class=\"n2-ss-layer-row-inner \"><div class=\"n2-ss-layer n2-ow n-uc-1aebe0c70397a\" data-pm=\"default\" data-sstype=\"col\"><div class=\"n2-ss-layer-col n2-ss-layer-with-background n2-ss-layer-content n-uc-1aebe0c70397a-inner\"><div class=\"n2-ss-layer n2-ow n-uc-0feQ65l0jqfr\" data-pm=\"normal\" data-sstype=\"layer\"><div class=\"n2-ss-item-content n2-ss-text n2-ow-all\"><div class=\"\"><p class=\"n2-font-22afd4212b99ceb059a4b69f03a77835-paragraph   \">Sicher, innovativ und vernetzt<\/p>\n<\/div><\/div><\/div><div class=\"n2-ss-layer n2-ow n-uc-3RWWdnqSFg2D\" data-pm=\"normal\" data-sstype=\"layer\"><div id=\"n2-ss-3item10\" class=\"n2-font-783cdbede709fc505411d36429dbb690-hover   n2-ss-item-content n2-ss-text n2-ow\" style=\"display:block;\">Piaggio<br>MyMoover<\/div><\/div><div class=\"n2-ss-layer n2-ow n-uc-whbpQY8xp2uu\" data-pm=\"normal\" data-sstype=\"layer\"><\/div><div class=\"n2-ss-layer n2-ow n-uc-MDnXMKv5t8i5\" data-pm=\"normal\" data-sstype=\"layer\"><div class=\"n2-ss-item-content n2-ss-text n2-ow-all\"><div class=\"\"><p class=\"n2-font-c3f7235affd68a0fbb35dd68186894ad-paragraph   \">Der <b>MyMoover<\/b> ist die Innovation im Kommunalbereich. Durch <b>zwei Hinterr\u00e4der<\/b> und dem<b> kippbaren Heckkoffer<\/b> ist das Fahrzeug wendig und stabil. Bis zu <b>80 Kilogramm Ladekapazit\u00e4t<\/b> bietet sich perfekt f\u00fcr <b>Erledigungen auf Kurzstrecken<\/b>. Dank einer <b>GPS-Blackbox<\/b> kann der <b>MyMoover<\/b> im Echtzeitbetrieb <b>geortet<\/b> und dadurch <b>effizienter eingesetzt<\/b> werden.<\/p>\n<\/div><\/div><\/div><div class=\"n2-ss-layer n2-ow n-uc-3JgqMPeLhQPO n2-ss-layer--auto\" data-pm=\"normal\" data-sstype=\"layer\"><div class=\"n2-ss-button-container n2-ss-item-content n2-ow n2-font-b6e3fdb36280b3eed85b29293a41b1bc-link  n2-ss-nowrap n2-ss-button-container--non-full-width\"><a class=\"n2-style-c7bd15d14d7328367df4ed72e272ab3b-heading  n2-ow \" onclick=\"n2ss.scroll(event, &quot;after&quot;, this.closest(&quot;.n2-ss-slider&quot;));\" href=\"#\"><div><div>Jetzt Informationen anfordern<\/div><\/div><\/a><\/div><\/div><\/div><\/div><\/div><\/div><\/div><\/div><\/div><\/div><\/div><\/div><div data-slide-duration=\"0\" data-id=\"20\" data-slide-public-id=\"3\" data-title=\"Slide 3\" class=\"n2-ss-slide n2-ow  n2-ss-slide-20\"><div role=\"note\" class=\"n2-ss-slide--focus\" tabindex=\"-1\">Slide 3<\/div><div class=\"n2-ss-layers-container n2-ss-slide-limiter n2-ow\"><div class=\"n2-ss-layer n2-ow n-uc-dcgJaVzQcAyw\" data-sstype=\"slide\" data-pm=\"default\"><div class=\"n2-ss-layer n2-ow n-uc-1a04b9f76ec26\" data-pm=\"default\" data-sstype=\"content\" data-hasbackground=\"0\"><div class=\"n2-ss-section-main-content n2-ss-layer-with-background n2-ss-layer-content n2-ow n-uc-1a04b9f76ec26-inner\"><div class=\"n2-ss-layer n2-ow n2-ss-layer--block n2-ss-has-self-align n-uc-kBtivwbwNs2N\" data-pm=\"normal\" data-sstype=\"row\"><div class=\"n2-ss-layer-row n2-ss-layer-with-background n-uc-kBtivwbwNs2N-inner\"><div class=\"n2-ss-layer-row-inner \"><div class=\"n2-ss-layer n2-ow n-uc-17cca485d5720\" data-pm=\"default\" data-sstype=\"col\"><div class=\"n2-ss-layer-col n2-ss-layer-with-background n2-ss-layer-content n-uc-17cca485d5720-inner\"><div class=\"n2-ss-layer n2-ow n-uc-AVrO7imEccnU\" data-pm=\"normal\" data-sstype=\"layer\"><div class=\"n2-ss-item-content n2-ss-text n2-ow-all\"><div class=\"\"><p class=\"n2-font-22afd4212b99ceb059a4b69f03a77835-paragraph   \">Rasche Hilfe im Ernstfall<\/p>\n<\/div><\/div><\/div><div class=\"n2-ss-layer n2-ow n-uc-ISo1ksyV9uRr\" data-pm=\"normal\" data-sstype=\"layer\"><div id=\"n2-ss-3item15\" class=\"n2-font-783cdbede709fc505411d36429dbb690-hover   n2-ss-item-content n2-ss-text n2-ow\" style=\"display:block;\">Piaggio MP3<\/div><\/div><div class=\"n2-ss-layer n2-ow n-uc-8EwEfAOjSkJi\" data-pm=\"normal\" data-sstype=\"layer\"><\/div><div class=\"n2-ss-layer n2-ow n-uc-4e4kupu564Fz\" data-pm=\"normal\" data-sstype=\"layer\"><div class=\"n2-ss-item-content n2-ss-text n2-ow-all\"><div class=\"\"><p class=\"n2-font-c3f7235affd68a0fbb35dd68186894ad-paragraph   \">Einsatzkr\u00e4fte m\u00fcssen nicht nur rasch handeln sondern auch schnell vor Ort sein. Der MP3-Piaggio  erf\u00fcllt durch seine Gr\u00f6\u00dfe und Wendigkeit diese Anforderungen bei gro\u00dfen Menschenansammlungen oder im Berufsverkehr.<\/p>\n<\/div><\/div><\/div><div class=\"n2-ss-layer n2-ow n-uc-D5YDLdTko7qT n2-ss-layer--auto\" data-pm=\"normal\" data-sstype=\"layer\"><div class=\"n2-ss-button-container n2-ss-item-content n2-ow n2-font-b6e3fdb36280b3eed85b29293a41b1bc-link  n2-ss-nowrap n2-ss-button-container--non-full-width\"><a class=\"n2-style-c7bd15d14d7328367df4ed72e272ab3b-heading  n2-ow \" onclick=\"n2ss.scroll(event, &quot;after&quot;, this.closest(&quot;.n2-ss-slider&quot;));\" href=\"#\"><div><div>Jetzt Informationen anfordern<\/div><\/div><\/a><\/div><\/div><\/div><\/div><\/div><\/div><\/div><\/div><\/div><\/div><\/div><\/div><div data-slide-duration=\"0\" data-id=\"22\" data-slide-public-id=\"4\" data-title=\"Slide 3\" class=\"n2-ss-slide n2-ow  n2-ss-slide-22\"><div role=\"note\" class=\"n2-ss-slide--focus\" tabindex=\"-1\">Slide 3<\/div><div class=\"n2-ss-layers-container n2-ss-slide-limiter n2-ow\"><div class=\"n2-ss-layer n2-ow n-uc-p2XPaO3QKa3f\" data-sstype=\"slide\" data-pm=\"default\"><div class=\"n2-ss-layer n2-ow n-uc-7qLoMTO3GiWr\" data-pm=\"default\" data-sstype=\"content\" data-hasbackground=\"0\"><div class=\"n2-ss-section-main-content n2-ss-layer-with-background n2-ss-layer-content n2-ow n-uc-7qLoMTO3GiWr-inner\"><div class=\"n2-ss-layer n2-ow n2-ss-layer--block n2-ss-has-self-align n-uc-YF3zUVOMsYnx\" data-pm=\"normal\" data-sstype=\"row\"><div class=\"n2-ss-layer-row n2-ss-layer-with-background n-uc-YF3zUVOMsYnx-inner\"><div class=\"n2-ss-layer-row-inner \"><div class=\"n2-ss-layer n2-ow n-uc-MbmmMb3g2CbO\" data-pm=\"default\" data-sstype=\"col\"><div class=\"n2-ss-layer-col n2-ss-layer-with-background n2-ss-layer-content n-uc-MbmmMb3g2CbO-inner\"><div class=\"n2-ss-layer n2-ow n-uc-dT5a9pTEwmba\" data-pm=\"normal\" data-sstype=\"layer\"><div class=\"n2-ss-item-content n2-ss-text n2-ow-all\"><div class=\"\"><p class=\"n2-font-22afd4212b99ceb059a4b69f03a77835-paragraph   \">1nzigartig f\u00fcr den Fuhrpark<\/p>\n<\/div><\/div><\/div><div class=\"n2-ss-layer n2-ow n-uc-2qJNM9fCnQXW\" data-pm=\"normal\" data-sstype=\"layer\"><div id=\"n2-ss-3item20\" class=\"n2-font-783cdbede709fc505411d36429dbb690-hover   n2-ss-item-content n2-ss-text n2-ow\" style=\"display:block;\">Piaggio 1<\/div><\/div><div class=\"n2-ss-layer n2-ow n-uc-RuxrramFJR4d\" data-pm=\"normal\" data-sstype=\"layer\"><\/div><div class=\"n2-ss-layer n2-ow n-uc-LtSuUO8lAxYq\" data-pm=\"normal\" data-sstype=\"layer\"><div class=\"n2-ss-item-content n2-ss-text n2-ow-all\"><div class=\"\"><p class=\"n2-font-c3f7235affd68a0fbb35dd68186894ad-paragraph   \">Umweltfreundlich, kompakt und praktisch. Der Piaggio 1 bietet die perfekte L\u00f6sung f\u00fcr einen betrieblichen Fuhrpark. <\/p>\n<\/div><\/div><\/div><div class=\"n2-ss-layer n2-ow n-uc-PodntFa0xy5i n2-ss-layer--auto\" data-pm=\"normal\" data-sstype=\"layer\"><div class=\"n2-ss-button-container n2-ss-item-content n2-ow n2-font-b6e3fdb36280b3eed85b29293a41b1bc-link  n2-ss-nowrap n2-ss-button-container--non-full-width\"><a class=\"n2-style-c7bd15d14d7328367df4ed72e272ab3b-heading  n2-ow \" onclick=\"n2ss.scroll(event, &quot;after&quot;, this.closest(&quot;.n2-ss-slider&quot;));\" href=\"#\"><div><div>Jetzt Informationen anfordern<\/div><\/div><\/a><\/div><\/div><\/div><\/div><\/div><\/div><\/div><\/div><\/div><\/div><\/div><\/div>                    <\/div>\n\n                                    <\/div>\n            <\/div>\n        <\/div>\n        <div class=\"n2-ss-slider-controls n2-ss-slider-controls-absolute-left-center\"><div style=\"--widget-offset:15px;\" class=\"n2-ss-widget n2-style-09a8364a7159aeff35b6b40ac3f789f6-heading nextend-arrow n2-ow-all nextend-arrow-previous  nextend-arrow-animated-fade\" data-hide-mobileportrait=\"1\" id=\"n2-ss-3-arrow-previous\" role=\"button\" aria-label=\"previous arrow\" tabindex=\"0\"><img loading=\"lazy\" decoding=\"async\" width=\"32\" height=\"32\" class=\"n2-arrow-normal-img skip-lazy\" data-skip-lazy=\"1\" src=\"data:image\/svg+xml;base64,PHN2ZyB3aWR0aD0iMzIiIGhlaWdodD0iMzIiIHZpZXdCb3g9IjAgMCAzMiAzMiIgeG1sbnM9Imh0dHA6Ly93d3cudzMub3JnLzIwMDAvc3ZnIj4KICAgIDxwYXRoIGQ9Ik0xMS40MzMgMTUuOTkyTDIyLjY5IDUuNzEyYy4zOTMtLjM5LjM5My0xLjAzIDAtMS40Mi0uMzkzLS4zOS0xLjAzLS4zOS0xLjQyMyAwbC0xMS45OCAxMC45NGMtLjIxLjIxLS4zLjQ5LS4yODUuNzYtLjAxNS4yOC4wNzUuNTYuMjg0Ljc3bDExLjk4IDEwLjk0Yy4zOTMuMzkgMS4wMy4zOSAxLjQyNCAwIC4zOTMtLjQuMzkzLTEuMDMgMC0xLjQybC0xMS4yNTctMTAuMjkiCiAgICAgICAgICBmaWxsPSIjMTZiN2NjIiBvcGFjaXR5PSIxIiBmaWxsLXJ1bGU9ImV2ZW5vZGQiLz4KPC9zdmc+\" alt=\"previous arrow\"><img loading=\"lazy\" decoding=\"async\" width=\"32\" height=\"32\" class=\"n2-arrow-hover-img skip-lazy\" data-skip-lazy=\"1\" src=\"data:image\/svg+xml;base64,PHN2ZyB3aWR0aD0iMzIiIGhlaWdodD0iMzIiIHZpZXdCb3g9IjAgMCAzMiAzMiIgeG1sbnM9Imh0dHA6Ly93d3cudzMub3JnLzIwMDAvc3ZnIj4KICAgIDxwYXRoIGQ9Ik0xMS40MzMgMTUuOTkyTDIyLjY5IDUuNzEyYy4zOTMtLjM5LjM5My0xLjAzIDAtMS40Mi0uMzkzLS4zOS0xLjAzLS4zOS0xLjQyMyAwbC0xMS45OCAxMC45NGMtLjIxLjIxLS4zLjQ5LS4yODUuNzYtLjAxNS4yOC4wNzUuNTYuMjg0Ljc3bDExLjk4IDEwLjk0Yy4zOTMuMzkgMS4wMy4zOSAxLjQyNCAwIC4zOTMtLjQuMzkzLTEuMDMgMC0xLjQybC0xMS4yNTctMTAuMjkiCiAgICAgICAgICBmaWxsPSIjZmZmZmZmIiBvcGFjaXR5PSIxIiBmaWxsLXJ1bGU9ImV2ZW5vZGQiLz4KPC9zdmc+\" alt=\"previous arrow\"><\/div><\/div><div class=\"n2-ss-slider-controls n2-ss-slider-controls-absolute-right-center\"><div style=\"--widget-offset:15px;\" class=\"n2-ss-widget n2-style-09a8364a7159aeff35b6b40ac3f789f6-heading nextend-arrow n2-ow-all nextend-arrow-next  nextend-arrow-animated-fade\" data-hide-mobileportrait=\"1\" id=\"n2-ss-3-arrow-next\" role=\"button\" aria-label=\"next arrow\" tabindex=\"0\"><img loading=\"lazy\" decoding=\"async\" width=\"32\" height=\"32\" class=\"n2-arrow-normal-img skip-lazy\" data-skip-lazy=\"1\" src=\"data:image\/svg+xml;base64,PHN2ZyB3aWR0aD0iMzIiIGhlaWdodD0iMzIiIHZpZXdCb3g9IjAgMCAzMiAzMiIgeG1sbnM9Imh0dHA6Ly93d3cudzMub3JnLzIwMDAvc3ZnIj4KICAgIDxwYXRoIGQ9Ik0xMC43MjIgNC4yOTNjLS4zOTQtLjM5LTEuMDMyLS4zOS0xLjQyNyAwLS4zOTMuMzktLjM5MyAxLjAzIDAgMS40MmwxMS4yODMgMTAuMjgtMTEuMjgzIDEwLjI5Yy0uMzkzLjM5LS4zOTMgMS4wMiAwIDEuNDIuMzk1LjM5IDEuMDMzLjM5IDEuNDI3IDBsMTIuMDA3LTEwLjk0Yy4yMS0uMjEuMy0uNDkuMjg0LS43Ny4wMTQtLjI3LS4wNzYtLjU1LS4yODYtLjc2TDEwLjcyIDQuMjkzeiIKICAgICAgICAgIGZpbGw9IiMxNmI3Y2MiIG9wYWNpdHk9IjEiIGZpbGwtcnVsZT0iZXZlbm9kZCIvPgo8L3N2Zz4=\" alt=\"next arrow\"><img loading=\"lazy\" decoding=\"async\" width=\"32\" height=\"32\" class=\"n2-arrow-hover-img skip-lazy\" data-skip-lazy=\"1\" src=\"data:image\/svg+xml;base64,PHN2ZyB3aWR0aD0iMzIiIGhlaWdodD0iMzIiIHZpZXdCb3g9IjAgMCAzMiAzMiIgeG1sbnM9Imh0dHA6Ly93d3cudzMub3JnLzIwMDAvc3ZnIj4KICAgIDxwYXRoIGQ9Ik0xMC43MjIgNC4yOTNjLS4zOTQtLjM5LTEuMDMyLS4zOS0xLjQyNyAwLS4zOTMuMzktLjM5MyAxLjAzIDAgMS40MmwxMS4yODMgMTAuMjgtMTEuMjgzIDEwLjI5Yy0uMzkzLjM5LS4zOTMgMS4wMiAwIDEuNDIuMzk1LjM5IDEuMDMzLjM5IDEuNDI3IDBsMTIuMDA3LTEwLjk0Yy4yMS0uMjEuMy0uNDkuMjg0LS43Ny4wMTQtLjI3LS4wNzYtLjU1LS4yODYtLjc2TDEwLjcyIDQuMjkzeiIKICAgICAgICAgIGZpbGw9IiNmZmZmZmYiIG9wYWNpdHk9IjEiIGZpbGwtcnVsZT0iZXZlbm9kZCIvPgo8L3N2Zz4=\" alt=\"next arrow\"><\/div><\/div><div class=\"n2-ss-slider-controls n2-ss-slider-controls-absolute-center-bottom\"><div style=\"--widget-offset:10px;\" class=\"n2-ss-widget n2-ss-control-bullet n2-ow-all n2-ss-control-bullet-horizontal\"><div class=\"n2-style-52a3032cdf5e0a73159365f609201a73-simple  nextend-bullet-bar n2-bar-justify-content-center\"><div class=\"n2-bullet n2-style-4f72beb15bfb0511e07bfb33dde48a42-dot \" style=\"visibility:hidden;\"><\/div><\/div><\/div><\/div><\/div><\/div><ss3-loader><\/ss3-loader><\/div><\/div><div class=\"n2_clear\"><\/div><\/div><\/ss3-force-full-width><\/div>\n\n\n<hr class=\"wp-block-separator has-alpha-channel-opacity\"\/>\n\n\n\n<div class=\"wp-block-media-text alignwide is-stacked-on-mobile\"><figure class=\"wp-block-media-text__media\"><img loading=\"lazy\" decoding=\"async\" width=\"1024\" height=\"768\" src=\"http:\/\/fabernet.webpreview.at\/fabergroup\/wp-content\/uploads\/2023\/02\/\u200cPost-Liberty-1024x768.jpg\" alt=\"\" class=\"wp-image-621 size-full\" srcset=\"https:\/\/fabernet.webpreview.at\/fabergroup\/wp-content\/uploads\/2023\/02\/\u200cPost-Liberty-1024x768.jpg 1024w, https:\/\/fabernet.webpreview.at\/fabergroup\/wp-content\/uploads\/2023\/02\/\u200cPost-Liberty-300x225.jpg 300w, https:\/\/fabernet.webpreview.at\/fabergroup\/wp-content\/uploads\/2023\/02\/\u200cPost-Liberty-768x576.jpg 768w, https:\/\/fabernet.webpreview.at\/fabergroup\/wp-content\/uploads\/2023\/02\/\u200cPost-Liberty.jpg 1063w\" sizes=\"auto, (max-width: 1024px) 100vw, 1024px\" \/><\/figure><div class=\"wp-block-media-text__content\">\n<p>Bei Interesse an einer Fuhrparkl\u00f6sung wenden Sie sich bitte an:<br><strong>Daniel Kysela<\/strong><br><a href=\"d.kysela@faber.at\" data-type=\"URL\" data-id=\"d.kysela@faber.at\">d.kysela@faber.at <\/a> <br><\/p>\n<\/div><\/div>\n","protected":false},"excerpt":{"rendered":"<p>Piaggio stellt auch Fahrzeuge f\u00fcr den Transport- und Logistikbereich bereit. Die Vorteile von Zweir\u00e4dern als Alternativ- oder Erg\u00e4nzungsfahrzeuge eines Fuhrparks im Zustellbereich, im Werksverkehr oder im Mitarbeiter-Fuhrpark liegen klar auf der Hand: deutlich niedrigere Kosten in der Beschaffung, Wendigkeit, Schnelligkeit, die Befreiung von Parkgeb\u00fchren und nat\u00fcrlich auch der Spa\u00dffaktor f\u00fcr [&hellip;]<\/p>\n","protected":false},"author":1,"featured_media":624,"parent":0,"menu_order":0,"comment_status":"closed","ping_status":"closed","template":"","meta":{"footnotes":""},"class_list":["post-79","page","type-page","status-publish","has-post-thumbnail","hentry"],"_links":{"self":[{"href":"https:\/\/fabernet.webpreview.at\/fabergroup\/wp-json\/wp\/v2\/pages\/79","targetHints":{"allow":["GET"]}}],"collection":[{"href":"https:\/\/fabernet.webpreview.at\/fabergroup\/wp-json\/wp\/v2\/pages"}],"about":[{"href":"https:\/\/fabernet.webpreview.at\/fabergroup\/wp-json\/wp\/v2\/types\/page"}],"author":[{"embeddable":true,"href":"https:\/\/fabernet.webpreview.at\/fabergroup\/wp-json\/wp\/v2\/users\/1"}],"replies":[{"embeddable":true,"href":"https:\/\/fabernet.webpreview.at\/fabergroup\/wp-json\/wp\/v2\/comments?post=79"}],"version-history":[{"count":11,"href":"https:\/\/fabernet.webpreview.at\/fabergroup\/wp-json\/wp\/v2\/pages\/79\/revisions"}],"predecessor-version":[{"id":1632,"href":"https:\/\/fabernet.webpreview.at\/fabergroup\/wp-json\/wp\/v2\/pages\/79\/revisions\/1632"}],"wp:featuredmedia":[{"embeddable":true,"href":"https:\/\/fabernet.webpreview.at\/fabergroup\/wp-json\/wp\/v2\/media\/624"}],"wp:attachment":[{"href":"https:\/\/fabernet.webpreview.at\/fabergroup\/wp-json\/wp\/v2\/media?parent=79"}],"curies":[{"name":"wp","href":"https:\/\/api.w.org\/{rel}","templated":true}]}}