{"id":71,"date":"2022-04-21T12:12:30","date_gmt":"2022-04-21T10:12:30","guid":{"rendered":"http:\/\/fabernet.webpreview.at\/fabergroup\/?page_id=71"},"modified":"2024-08-28T09:47:53","modified_gmt":"2024-08-28T07:47:53","slug":"geschichte","status":"publish","type":"page","link":"https:\/\/fabernet.webpreview.at\/fabergroup\/geschichte\/","title":{"rendered":"GESCHICHTE"},"content":{"rendered":"<!-- VideographyWP Plugin Message: Automatic video embedding prevented by plugin options. -->\n\n<p>Die Faber Group vereint als Familienunternehmen eine tiefe Leidenschaft f\u00fcr das Thema Mobilit\u00e4t mit jahrzehntelanger Erfahrung in der \u00f6sterreichischen Zweiradbranche.<\/p>\n\n\n\n<div style=\"height:100px\" aria-hidden=\"true\" class=\"wp-block-spacer\"><\/div>\n\n\n\n<div class=\"wp-block-media-text alignwide is-stacked-on-mobile\"><figure class=\"wp-block-media-text__media\"><img loading=\"lazy\" decoding=\"async\" width=\"600\" height=\"400\" src=\"http:\/\/fabernet.webpreview.at\/fabergroup\/wp-content\/uploads\/2022\/09\/1.jpg\" alt=\"\" class=\"wp-image-235 size-full\" srcset=\"https:\/\/fabernet.webpreview.at\/fabergroup\/wp-content\/uploads\/2022\/09\/1.jpg 600w, https:\/\/fabernet.webpreview.at\/fabergroup\/wp-content\/uploads\/2022\/09\/1-300x200.jpg 300w\" sizes=\"auto, (max-width: 600px) 100vw, 600px\" \/><\/figure><div class=\"wp-block-media-text__content\">\n<p><strong><mark style=\"background-color:rgba(0, 0, 0, 0)\" class=\"has-inline-color has-accent-color\">1948 &#8211; Gr\u00fcndung des Unternehmens<\/mark><\/strong><\/p>\n\n\n\n<p>Josef Faber sen. (l.) gr\u00fcndet die Firma Faber mit der \u00dcbernahme&nbsp;der \u00f6sterreichischen Generalvertretung der Motorradmarke Jawa. Der Firmensitz befindet sich in der Kirchstetterngasse in Wien 16.<\/p>\n<\/div><\/div>\n\n\n\n<div class=\"wp-block-media-text alignwide has-media-on-the-right is-stacked-on-mobile\"><div class=\"wp-block-media-text__content\">\n<p><strong><mark style=\"background-color:#ffffff\" class=\"has-inline-color has-accent-color\">1962 Honda<\/mark><\/strong><\/p>\n\n\n\n<p>Josef Faber sen. unterzeichnet den Importvertrag mit Honda und wird zum ersten \u00f6sterreichischen Importeur japanischer Produkte.<\/p>\n<\/div><figure class=\"wp-block-media-text__media\"><img loading=\"lazy\" decoding=\"async\" width=\"600\" height=\"400\" src=\"http:\/\/fabernet.webpreview.at\/fabergroup\/wp-content\/uploads\/2022\/09\/2.jpg\" alt=\"\" class=\"wp-image-236 size-full\" srcset=\"https:\/\/fabernet.webpreview.at\/fabergroup\/wp-content\/uploads\/2022\/09\/2.jpg 600w, https:\/\/fabernet.webpreview.at\/fabergroup\/wp-content\/uploads\/2022\/09\/2-300x200.jpg 300w\" sizes=\"auto, (max-width: 600px) 100vw, 600px\" \/><\/figure><\/div>\n\n\n\n<div class=\"wp-block-media-text alignwide is-stacked-on-mobile\"><figure class=\"wp-block-media-text__media\"><img loading=\"lazy\" decoding=\"async\" width=\"600\" height=\"400\" src=\"http:\/\/fabernet.webpreview.at\/fabergroup\/wp-content\/uploads\/2022\/09\/3.jpg\" alt=\"\" class=\"wp-image-237 size-full\" srcset=\"https:\/\/fabernet.webpreview.at\/fabergroup\/wp-content\/uploads\/2022\/09\/3.jpg 600w, https:\/\/fabernet.webpreview.at\/fabergroup\/wp-content\/uploads\/2022\/09\/3-300x200.jpg 300w\" sizes=\"auto, (max-width: 600px) 100vw, 600px\" \/><\/figure><div class=\"wp-block-media-text__content\">\n<p><strong><mark style=\"background-color:rgba(0, 0, 0, 0)\" class=\"has-inline-color has-accent-color\">1964 &#8211; Piaggio<\/mark><\/strong><\/p>\n\n\n\n<p>Faber \u00fcbernimmt die Generalvertretung der traditionsreichen italienischen Zweirad-Marken&nbsp;Piaggio, Vespa und Gilera und legt somit den Grundstein f\u00fcr eine erfolgreiche Handelsbeziehung.<\/p>\n<\/div><\/div>\n\n\n\n<div class=\"wp-block-media-text alignwide has-media-on-the-right is-stacked-on-mobile\"><div class=\"wp-block-media-text__content\">\n<p><strong><mark style=\"background-color:rgba(0, 0, 0, 0)\" class=\"has-inline-color has-accent-color\">1982 &#8211; Honda Austria<\/mark><\/strong><\/p>\n\n\n\n<p>Faber gr\u00fcndet mit Honda Tokio die Honda Austria GmbH, \u00fcbergibt die Generalvertretung an sie und bleibt bis 2007 Honda-Vertragspartner.<\/p>\n<\/div><figure class=\"wp-block-media-text__media\"><img loading=\"lazy\" decoding=\"async\" width=\"600\" height=\"400\" src=\"http:\/\/fabernet.webpreview.at\/fabergroup\/wp-content\/uploads\/2022\/09\/4.jpg\" alt=\"\" class=\"wp-image-238 size-full\" srcset=\"https:\/\/fabernet.webpreview.at\/fabergroup\/wp-content\/uploads\/2022\/09\/4.jpg 600w, https:\/\/fabernet.webpreview.at\/fabergroup\/wp-content\/uploads\/2022\/09\/4-300x200.jpg 300w\" sizes=\"auto, (max-width: 600px) 100vw, 600px\" \/><\/figure><\/div>\n\n\n\n<div class=\"wp-block-media-text alignwide is-stacked-on-mobile\"><figure class=\"wp-block-media-text__media\"><img loading=\"lazy\" decoding=\"async\" width=\"600\" height=\"400\" src=\"http:\/\/fabernet.webpreview.at\/fabergroup\/wp-content\/uploads\/2022\/09\/5.jpg\" alt=\"\" class=\"wp-image-239 size-full\" srcset=\"https:\/\/fabernet.webpreview.at\/fabergroup\/wp-content\/uploads\/2022\/09\/5.jpg 600w, https:\/\/fabernet.webpreview.at\/fabergroup\/wp-content\/uploads\/2022\/09\/5-300x200.jpg 300w\" sizes=\"auto, (max-width: 600px) 100vw, 600px\" \/><\/figure><div class=\"wp-block-media-text__content\">\n<p><strong><mark style=\"background-color:rgba(0, 0, 0, 0)\" class=\"has-inline-color has-accent-color\">1992 &#8211; Generationswechsel<\/mark><\/strong><\/p>\n\n\n\n<p>Josef Faber jun. \u00fcbernimmt mit Bruder Peter die Gesch\u00e4ftsf\u00fchrung. Josef Faber sen. bleibt weiterhin als Berater im Unternehmen aktiv.<\/p>\n<\/div><\/div>\n\n\n\n<div class=\"wp-block-media-text alignwide has-media-on-the-right is-stacked-on-mobile\"><div class=\"wp-block-media-text__content\">\n<p><strong><mark style=\"background-color:rgba(0, 0, 0, 0)\" class=\"has-inline-color has-accent-color\">2006 &#8211; Derbi<\/mark><\/strong><\/p>\n\n\n\n<p>Die Faber GmbH \u00fcbernimmt mit Derbi die Generalvertretung einer weiteren Marke der Piaggio-Gruppe.<\/p>\n<\/div><figure class=\"wp-block-media-text__media\"><img loading=\"lazy\" decoding=\"async\" width=\"600\" height=\"400\" src=\"http:\/\/fabernet.webpreview.at\/fabergroup\/wp-content\/uploads\/2022\/09\/6.jpg\" alt=\"\" class=\"wp-image-240 size-full\" srcset=\"https:\/\/fabernet.webpreview.at\/fabergroup\/wp-content\/uploads\/2022\/09\/6.jpg 600w, https:\/\/fabernet.webpreview.at\/fabergroup\/wp-content\/uploads\/2022\/09\/6-300x200.jpg 300w\" sizes=\"auto, (max-width: 600px) 100vw, 600px\" \/><\/figure><\/div>\n\n\n\n<div class=\"wp-block-media-text alignwide is-stacked-on-mobile\"><figure class=\"wp-block-media-text__media\"><img loading=\"lazy\" decoding=\"async\" width=\"600\" height=\"400\" src=\"http:\/\/fabernet.webpreview.at\/fabergroup\/wp-content\/uploads\/2022\/09\/7.jpg\" alt=\"\" class=\"wp-image-241 size-full\" srcset=\"https:\/\/fabernet.webpreview.at\/fabergroup\/wp-content\/uploads\/2022\/09\/7.jpg 600w, https:\/\/fabernet.webpreview.at\/fabergroup\/wp-content\/uploads\/2022\/09\/7-300x200.jpg 300w\" sizes=\"auto, (max-width: 600px) 100vw, 600px\" \/><\/figure><div class=\"wp-block-media-text__content\">\n<p><strong><mark style=\"background-color:rgba(0, 0, 0, 0)\" class=\"has-inline-color has-accent-color\">2007 &#8211; Neuer Standort<\/mark><\/strong><\/p>\n\n\n\n<p>Faber \u00fcbersiedelt mit Gro\u00dfhandel, Werkstatt und Einzelhandel vom bisherigen Standort in Ottakring in die Carlbergergasse 66a in Wien 23 und wird zur Firmenzentrale mit der Faber Holding f\u00fcr die Verwaltung sowie der Faber GmbH &#8211; der Importeursdivision.<\/p>\n<\/div><\/div>\n\n\n\n<div class=\"wp-block-media-text alignwide has-media-on-the-right is-stacked-on-mobile\"><div class=\"wp-block-media-text__content\">\n<p><mark style=\"background-color:rgba(0, 0, 0, 0)\" class=\"has-inline-color has-accent-color\"><strong>2008 &#8211; Moto Guzzi &amp; PCV<\/strong><\/mark><\/p>\n\n\n\n<p>Die Faber GmbH verst\u00e4rkt die Partnerschaft mit der Piaggio-Gruppe und wird Generalimporteur f\u00fcr Moto Guzzi und Piaggio Commercial Vehicles.<\/p>\n<\/div><figure class=\"wp-block-media-text__media\"><img loading=\"lazy\" decoding=\"async\" width=\"600\" height=\"400\" src=\"http:\/\/fabernet.webpreview.at\/fabergroup\/wp-content\/uploads\/2022\/09\/8.jpg\" alt=\"\" class=\"wp-image-242 size-full\" srcset=\"https:\/\/fabernet.webpreview.at\/fabergroup\/wp-content\/uploads\/2022\/09\/8.jpg 600w, https:\/\/fabernet.webpreview.at\/fabergroup\/wp-content\/uploads\/2022\/09\/8-300x200.jpg 300w\" sizes=\"auto, (max-width: 600px) 100vw, 600px\" \/><\/figure><\/div>\n\n\n\n<div class=\"wp-block-media-text alignwide is-stacked-on-mobile\"><figure class=\"wp-block-media-text__media\"><img loading=\"lazy\" decoding=\"async\" width=\"1024\" height=\"768\" src=\"https:\/\/fabernet.webpreview.at\/fabergroup\/wp-content\/uploads\/2024\/07\/P4100072-ORF_DxO_DeepPRIME-1024x768.jpg\" alt=\"\" class=\"wp-image-1038 size-full\" srcset=\"https:\/\/fabernet.webpreview.at\/fabergroup\/wp-content\/uploads\/2024\/07\/P4100072-ORF_DxO_DeepPRIME-1024x768.jpg 1024w, https:\/\/fabernet.webpreview.at\/fabergroup\/wp-content\/uploads\/2024\/07\/P4100072-ORF_DxO_DeepPRIME-300x225.jpg 300w, https:\/\/fabernet.webpreview.at\/fabergroup\/wp-content\/uploads\/2024\/07\/P4100072-ORF_DxO_DeepPRIME-768x576.jpg 768w, https:\/\/fabernet.webpreview.at\/fabergroup\/wp-content\/uploads\/2024\/07\/P4100072-ORF_DxO_DeepPRIME.jpg 1200w\" sizes=\"auto, (max-width: 1024px) 100vw, 1024px\" \/><\/figure><div class=\"wp-block-media-text__content\">\n<p><strong><mark style=\"background-color:rgba(0, 0, 0, 0)\" class=\"has-inline-color has-accent-color\">2017 &#8211; Faber Moto CZ s.r.o.<\/mark><\/strong><\/p>\n\n\n\n<p>Die Piaggio Gruppe setzt ihr volles Vertrauen in die Faber GmbH und \u00fcbertr\u00e4gt der neu gegr\u00fcndeten Tochtergesellschaft Faber Moto s.r.o. die Generalvertretung f\u00fcr Piaggio, Vespa, Moto Guzzi und Aprilia f\u00fcr die Tschechische Republik.<\/p>\n<\/div><\/div>\n\n\n\n<div class=\"wp-block-media-text alignwide has-media-on-the-right is-stacked-on-mobile\"><div class=\"wp-block-media-text__content\">\n<p><strong><mark style=\"background-color:rgba(0, 0, 0, 0)\" class=\"has-inline-color has-accent-color\">2020 &#8211; Faber Roller &amp; Bike Flagshipstore<\/mark><\/strong><\/p>\n\n\n\n<p>Im Mai 2020 er\u00f6ffnet die Faber KfZ-Vertriebs GmbH nach umfangreichem Umbau der R\u00e4umlichkeiten den Flagshipstore in der Praterstra\u00dfe 47 in Wien 2.<\/p>\n\n\n\n<p>In modernem, stilvollen Ambiente pr\u00e4sentieren sich die Zweiradmarken Vespa, Piaggio und Moto Guzzi in voller Pracht. Der City Store bietet Fahrzeugverkauf, Merchandising und Zubeh\u00f6r sowie Werkst\u00e4ttenbetrieb f\u00fcr kleine Reparaturen und Services an.<\/p>\n<\/div><figure class=\"wp-block-media-text__media\"><img loading=\"lazy\" decoding=\"async\" width=\"600\" height=\"400\" src=\"http:\/\/fabernet.webpreview.at\/fabergroup\/wp-content\/uploads\/2022\/09\/10.jpg\" alt=\"\" class=\"wp-image-244 size-full\" srcset=\"https:\/\/fabernet.webpreview.at\/fabergroup\/wp-content\/uploads\/2022\/09\/10.jpg 600w, https:\/\/fabernet.webpreview.at\/fabergroup\/wp-content\/uploads\/2022\/09\/10-300x200.jpg 300w\" sizes=\"auto, (max-width: 600px) 100vw, 600px\" \/><\/figure><\/div>\n\n\n\n<div class=\"wp-block-media-text alignwide is-stacked-on-mobile\"><figure class=\"wp-block-media-text__media\"><img loading=\"lazy\" decoding=\"async\" width=\"1024\" height=\"768\" src=\"https:\/\/fabernet.webpreview.at\/fabergroup\/wp-content\/uploads\/2024\/07\/LR-5250006-1024x768.jpg\" alt=\"\" class=\"wp-image-1040 size-full\" srcset=\"https:\/\/fabernet.webpreview.at\/fabergroup\/wp-content\/uploads\/2024\/07\/LR-5250006-1024x768.jpg 1024w, https:\/\/fabernet.webpreview.at\/fabergroup\/wp-content\/uploads\/2024\/07\/LR-5250006-300x225.jpg 300w, https:\/\/fabernet.webpreview.at\/fabergroup\/wp-content\/uploads\/2024\/07\/LR-5250006-768x576.jpg 768w, https:\/\/fabernet.webpreview.at\/fabergroup\/wp-content\/uploads\/2024\/07\/LR-5250006.jpg 1200w\" sizes=\"auto, (max-width: 1024px) 100vw, 1024px\" \/><\/figure><div class=\"wp-block-media-text__content\">\n<p><strong><mark style=\"background-color:rgba(0, 0, 0, 0)\" class=\"has-inline-color has-accent-color\">2021 &#8211; Faber Moto SK s.r.o.<\/mark><\/strong><\/p>\n\n\n\n<p>Die Piaggio Gruppe beweist ihr volles Vertrauen in die Faber GmbH und \u00fcbertr\u00e4gt der neu gegr\u00fcndeten Tochtergesellschaft Faber Moto SK s.r.o. die Generalvertretung f\u00fcr Piaggio, Vespa, Moto Guzzi und Aprilia f\u00fcr die Slowakische Republik.<\/p>\n<\/div><\/div>\n\n\n\n<div class=\"wp-block-media-text alignwide has-media-on-the-right is-stacked-on-mobile\"><div class=\"wp-block-media-text__content\">\n<p><strong><mark style=\"background-color:rgba(0, 0, 0, 0)\" class=\"has-inline-color has-accent-color\">2022 &#8211; Faber Ecom GmbH<\/mark><\/strong><\/p>\n\n\n\n<p>Um die Stellung der Faber Group am B2C-Markt zu st\u00e4rken, wurde die Faber Ecom GmbH gegr\u00fcndet. Ziel ist es die italophilen Zweiradkkunden rundum zu servicieren.<\/p>\n\n\n\n<p>Neben dem station\u00e4ren Handel wird dem Konsumenten hier in Zukunft eine 24\/7 Einkaufm\u00f6glichkeit geboten. Bequem von Zuhause das Sortiment zu durchst\u00f6bern und mit ein paar Clicks die gew\u00e4hlte Ware direkt vor die T\u00fcr geliefert zu bekommen.&nbsp;<\/p>\n<\/div><figure class=\"wp-block-media-text__media\"><img loading=\"lazy\" decoding=\"async\" width=\"1024\" height=\"681\" src=\"http:\/\/fabernet.webpreview.at\/fabergroup\/wp-content\/uploads\/2023\/02\/NL_Mockup34-1024x681.jpg\" alt=\"\" class=\"wp-image-471 size-full\" srcset=\"https:\/\/fabernet.webpreview.at\/fabergroup\/wp-content\/uploads\/2023\/02\/NL_Mockup34-1024x681.jpg 1024w, https:\/\/fabernet.webpreview.at\/fabergroup\/wp-content\/uploads\/2023\/02\/NL_Mockup34-300x200.jpg 300w, https:\/\/fabernet.webpreview.at\/fabergroup\/wp-content\/uploads\/2023\/02\/NL_Mockup34-768x511.jpg 768w, https:\/\/fabernet.webpreview.at\/fabergroup\/wp-content\/uploads\/2023\/02\/NL_Mockup34-1536x1022.jpg 1536w, https:\/\/fabernet.webpreview.at\/fabergroup\/wp-content\/uploads\/2023\/02\/NL_Mockup34-2048x1363.jpg 2048w, https:\/\/fabernet.webpreview.at\/fabergroup\/wp-content\/uploads\/2023\/02\/NL_Mockup34-1200x798.jpg 1200w, https:\/\/fabernet.webpreview.at\/fabergroup\/wp-content\/uploads\/2023\/02\/NL_Mockup34-1980x1317.jpg 1980w\" sizes=\"auto, (max-width: 1024px) 100vw, 1024px\" \/><\/figure><\/div>\n\n\n\n<div class=\"wp-block-media-text alignwide is-stacked-on-mobile\"><figure class=\"wp-block-media-text__media\"><img loading=\"lazy\" decoding=\"async\" width=\"1024\" height=\"576\" src=\"https:\/\/fabernet.webpreview.at\/fabergroup\/wp-content\/uploads\/2024\/07\/2024-2_FABER_Zentrale_1230_byAkosBurg_web-2-1024x576.jpg\" alt=\"\" class=\"wp-image-838 size-full\" srcset=\"https:\/\/fabernet.webpreview.at\/fabergroup\/wp-content\/uploads\/2024\/07\/2024-2_FABER_Zentrale_1230_byAkosBurg_web-2-1024x576.jpg 1024w, https:\/\/fabernet.webpreview.at\/fabergroup\/wp-content\/uploads\/2024\/07\/2024-2_FABER_Zentrale_1230_byAkosBurg_web-2-300x169.jpg 300w, https:\/\/fabernet.webpreview.at\/fabergroup\/wp-content\/uploads\/2024\/07\/2024-2_FABER_Zentrale_1230_byAkosBurg_web-2-768x432.jpg 768w, https:\/\/fabernet.webpreview.at\/fabergroup\/wp-content\/uploads\/2024\/07\/2024-2_FABER_Zentrale_1230_byAkosBurg_web-2-1536x864.jpg 1536w, https:\/\/fabernet.webpreview.at\/fabergroup\/wp-content\/uploads\/2024\/07\/2024-2_FABER_Zentrale_1230_byAkosBurg_web-2-1200x675.jpg 1200w, https:\/\/fabernet.webpreview.at\/fabergroup\/wp-content\/uploads\/2024\/07\/2024-2_FABER_Zentrale_1230_byAkosBurg_web-2-1980x1114.jpg 1980w, https:\/\/fabernet.webpreview.at\/fabergroup\/wp-content\/uploads\/2024\/07\/2024-2_FABER_Zentrale_1230_byAkosBurg_web-2.jpg 2048w\" sizes=\"auto, (max-width: 1024px) 100vw, 1024px\" \/><\/figure><div class=\"wp-block-media-text__content\">\n<p><strong><mark style=\"background-color:rgba(0, 0, 0, 0)\" class=\"has-inline-color has-accent-color\">2024 &#8211; Neuer Standort FABER HALL<\/mark><\/strong><\/p>\n\n\n\n<p>Mit Jahresbeginn 2024 wurde f\u00fcr die Faber KfZ-Vertriebs GmbH ein neues Kapitel aufgeschlagen. In der ehemaligen Lexus-Hall am S\u00fcdrand von Wien findet man nun in einem architektonisch einzigartigen Bauwerk einen lichtdurchfluteten, 1.000 m\u00b2 gro\u00dfen Verkaufsraum sowie eine modern eingerichtet Werkstatt.<\/p>\n<\/div><\/div>\n\n\n\n<div style=\"height:145px\" aria-hidden=\"true\" class=\"wp-block-spacer\"><\/div>\n","protected":false},"excerpt":{"rendered":"<p>Die Faber Group vereint als Familienunternehmen eine tiefe Leidenschaft f\u00fcr das Thema Mobilit\u00e4t mit jahrzehntelanger Erfahrung in der \u00f6sterreichischen Zweiradbranche. 1948 &#8211; Gr\u00fcndung des Unternehmens Josef Faber sen. (l.) gr\u00fcndet die Firma Faber mit der \u00dcbernahme&nbsp;der \u00f6sterreichischen Generalvertretung der Motorradmarke Jawa. Der Firmensitz befindet sich in der Kirchstetterngasse in Wien [&hellip;]<\/p>\n","protected":false},"author":1,"featured_media":1645,"parent":0,"menu_order":0,"comment_status":"closed","ping_status":"closed","template":"","meta":{"footnotes":""},"class_list":["post-71","page","type-page","status-publish","has-post-thumbnail","hentry"],"_links":{"self":[{"href":"https:\/\/fabernet.webpreview.at\/fabergroup\/wp-json\/wp\/v2\/pages\/71","targetHints":{"allow":["GET"]}}],"collection":[{"href":"https:\/\/fabernet.webpreview.at\/fabergroup\/wp-json\/wp\/v2\/pages"}],"about":[{"href":"https:\/\/fabernet.webpreview.at\/fabergroup\/wp-json\/wp\/v2\/types\/page"}],"author":[{"embeddable":true,"href":"https:\/\/fabernet.webpreview.at\/fabergroup\/wp-json\/wp\/v2\/users\/1"}],"replies":[{"embeddable":true,"href":"https:\/\/fabernet.webpreview.at\/fabergroup\/wp-json\/wp\/v2\/comments?post=71"}],"version-history":[{"count":27,"href":"https:\/\/fabernet.webpreview.at\/fabergroup\/wp-json\/wp\/v2\/pages\/71\/revisions"}],"predecessor-version":[{"id":1579,"href":"https:\/\/fabernet.webpreview.at\/fabergroup\/wp-json\/wp\/v2\/pages\/71\/revisions\/1579"}],"wp:featuredmedia":[{"embeddable":true,"href":"https:\/\/fabernet.webpreview.at\/fabergroup\/wp-json\/wp\/v2\/media\/1645"}],"wp:attachment":[{"href":"https:\/\/fabernet.webpreview.at\/fabergroup\/wp-json\/wp\/v2\/media?parent=71"}],"curies":[{"name":"wp","href":"https:\/\/api.w.org\/{rel}","templated":true}]}}