{"id":48,"date":"2022-04-21T12:04:30","date_gmt":"2022-04-21T10:04:30","guid":{"rendered":"http:\/\/fabernet.webpreview.at\/fabergroup\/?page_id=48"},"modified":"2024-08-27T14:56:04","modified_gmt":"2024-08-27T12:56:04","slug":"karriere","status":"publish","type":"page","link":"https:\/\/fabernet.webpreview.at\/fabergroup\/karriere\/","title":{"rendered":"KARRIERE"},"content":{"rendered":"<!-- VideographyWP Plugin Message: Automatic video embedding prevented by plugin options. -->\n\n<p>Faber ist ein traditionsreiches und modernes Unternehmen in der \u00f6sterreichischen Mobilit\u00e4tslandschaft, das als Vorreiter in der Zweiradbranche gilt. Unsere engagierten und kompetenten Mitarbeiter sind der Schl\u00fcssel zu unserem Erfolg.<\/p>\n\n\n\n<p>Wir legen gro\u00dfen Wert auf die Integration leidenschaftlicher Mitarbeiter, die mit Motivation und innovativen Ideen unser Team bereichern. Wenn Sie die Zukunft der Zweiradbranche mitgestalten m\u00f6chten, bieten wir Ihnen bei Faber echte Chancen zur pers\u00f6nlichen und beruflichen Weiterentwicklung. Bewerben Sie sich jetzt und gestalten Sie die Zukunft der Zweiradbranche aktiv mit.<\/p>\n\n\n\n<div style=\"height:72px\" aria-hidden=\"true\" class=\"wp-block-spacer\"><\/div>\n\n\n\n<figure class=\"wp-block-gallery has-nested-images columns-default is-cropped wp-block-gallery-1 is-layout-flex wp-block-gallery-is-layout-flex\">\n<figure class=\"wp-block-image size-large\"><img loading=\"lazy\" decoding=\"async\" width=\"1024\" height=\"683\" data-id=\"867\" src=\"https:\/\/fabernet.webpreview.at\/fabergroup\/wp-content\/uploads\/2024\/07\/2024-4-4_ABGABE_FABER_Store_2_Kunden_Werkstatt_byAkosBurg-11-1024x683.jpg\" alt=\"\" class=\"wp-image-867\" srcset=\"https:\/\/fabernet.webpreview.at\/fabergroup\/wp-content\/uploads\/2024\/07\/2024-4-4_ABGABE_FABER_Store_2_Kunden_Werkstatt_byAkosBurg-11-1024x683.jpg 1024w, https:\/\/fabernet.webpreview.at\/fabergroup\/wp-content\/uploads\/2024\/07\/2024-4-4_ABGABE_FABER_Store_2_Kunden_Werkstatt_byAkosBurg-11-300x200.jpg 300w, https:\/\/fabernet.webpreview.at\/fabergroup\/wp-content\/uploads\/2024\/07\/2024-4-4_ABGABE_FABER_Store_2_Kunden_Werkstatt_byAkosBurg-11-768x512.jpg 768w, https:\/\/fabernet.webpreview.at\/fabergroup\/wp-content\/uploads\/2024\/07\/2024-4-4_ABGABE_FABER_Store_2_Kunden_Werkstatt_byAkosBurg-11-1536x1024.jpg 1536w, https:\/\/fabernet.webpreview.at\/fabergroup\/wp-content\/uploads\/2024\/07\/2024-4-4_ABGABE_FABER_Store_2_Kunden_Werkstatt_byAkosBurg-11-2048x1366.jpg 2048w, https:\/\/fabernet.webpreview.at\/fabergroup\/wp-content\/uploads\/2024\/07\/2024-4-4_ABGABE_FABER_Store_2_Kunden_Werkstatt_byAkosBurg-11-1200x800.jpg 1200w, https:\/\/fabernet.webpreview.at\/fabergroup\/wp-content\/uploads\/2024\/07\/2024-4-4_ABGABE_FABER_Store_2_Kunden_Werkstatt_byAkosBurg-11-1980x1320.jpg 1980w\" sizes=\"auto, (max-width: 1024px) 100vw, 1024px\" \/><\/figure>\n\n\n\n<figure class=\"wp-block-image size-large\"><img loading=\"lazy\" decoding=\"async\" width=\"1024\" height=\"683\" data-id=\"868\" src=\"https:\/\/fabernet.webpreview.at\/fabergroup\/wp-content\/uploads\/2024\/07\/2024-4-4_ABGABE_FABER_Store_2_Kunden_Werkstatt_byAkosBurg-18-1024x683.jpg\" alt=\"\" class=\"wp-image-868\" srcset=\"https:\/\/fabernet.webpreview.at\/fabergroup\/wp-content\/uploads\/2024\/07\/2024-4-4_ABGABE_FABER_Store_2_Kunden_Werkstatt_byAkosBurg-18-1024x683.jpg 1024w, https:\/\/fabernet.webpreview.at\/fabergroup\/wp-content\/uploads\/2024\/07\/2024-4-4_ABGABE_FABER_Store_2_Kunden_Werkstatt_byAkosBurg-18-300x200.jpg 300w, https:\/\/fabernet.webpreview.at\/fabergroup\/wp-content\/uploads\/2024\/07\/2024-4-4_ABGABE_FABER_Store_2_Kunden_Werkstatt_byAkosBurg-18-768x512.jpg 768w, https:\/\/fabernet.webpreview.at\/fabergroup\/wp-content\/uploads\/2024\/07\/2024-4-4_ABGABE_FABER_Store_2_Kunden_Werkstatt_byAkosBurg-18-1536x1024.jpg 1536w, https:\/\/fabernet.webpreview.at\/fabergroup\/wp-content\/uploads\/2024\/07\/2024-4-4_ABGABE_FABER_Store_2_Kunden_Werkstatt_byAkosBurg-18-2048x1366.jpg 2048w, https:\/\/fabernet.webpreview.at\/fabergroup\/wp-content\/uploads\/2024\/07\/2024-4-4_ABGABE_FABER_Store_2_Kunden_Werkstatt_byAkosBurg-18-1200x800.jpg 1200w, https:\/\/fabernet.webpreview.at\/fabergroup\/wp-content\/uploads\/2024\/07\/2024-4-4_ABGABE_FABER_Store_2_Kunden_Werkstatt_byAkosBurg-18-1980x1320.jpg 1980w\" sizes=\"auto, (max-width: 1024px) 100vw, 1024px\" \/><\/figure>\n<\/figure>\n\n\n\n<div style=\"height:86px\" aria-hidden=\"true\" class=\"wp-block-spacer\"><\/div>\n\n\n\n<h3 class=\"wp-block-heading has-navbar-text-color-color has-text-color\">Offene Stellen<\/h3>\n\n\n\n<div style=\"height:20px\" aria-hidden=\"true\" class=\"wp-block-spacer\"><\/div>\n\n\n\n<p class=\"has-navbar-text-color-color has-text-color has-link-color wp-elements-8abd1f27864d6541d8c86cac1f88e2fd\"><strong><mark style=\"background-color:rgba(0, 0, 0, 0)\" class=\"has-inline-color has-accent-color\">FABER ROLLER &amp; BIKE &#8211; Einzelhandel und Verkauf<\/mark><\/strong><br><br>momentan gibt es keine offenen Stellen bei Faber Roller &amp; Bike<\/p>\n\n\n\n<hr class=\"wp-block-separator has-alpha-channel-opacity is-style-wide\"\/>\n\n\n\n<p><strong><mark style=\"background-color:rgba(0, 0, 0, 0)\" class=\"has-inline-color has-accent-color\">FABER GMBH &#8211; Importeur und Gro\u00dfhandel<\/mark><br><\/strong><\/p>\n\n\n\n<ul class=\"wp-block-list\">\n<li><a href=\"https:\/\/www.karriere.at\/jobs\/faber-gmbh#7272526\">Assistenz f\u00fcr Vertrieb in 1230 Wien | Vollzeit | Innendienst | ab sofort<\/a><\/li>\n<\/ul>\n\n\n\n<hr class=\"wp-block-separator has-alpha-channel-opacity is-style-wide\"\/>\n\n\n\n<p><strong><mark style=\"background-color:rgba(0, 0, 0, 0)\" class=\"has-inline-color has-accent-color\">FABER HOLDING &#8211; Verwaltung und Marketing<\/mark><\/strong><br><br>momentan gibt es keine offenen Stellen in der Faber Holding<\/p>\n\n\n\n<hr class=\"wp-block-separator has-alpha-channel-opacity is-style-wide\"\/>\n\n\n\n<div style=\"height:43px\" aria-hidden=\"true\" class=\"wp-block-spacer\"><\/div>\n\n\n\n<h2 class=\"wp-block-heading\">Initiativbewerbung<\/h2>\n\n\n\n<p>Sind Sie \u00fcberzeugt, dass Ihre Erfahrung, Pers\u00f6nlichkeit und Leidenschaft f\u00fcr Zweir\u00e4der das Team von Faber bereichern w\u00fcrden? Dann z\u00f6gern Sie nicht und gestalten Sie mit uns die Zukunft. Wir suchen Individualisten, die ihre F\u00e4higkeiten und Begeisterung in eine Erfolgsgeschichte verwandeln m\u00f6chten. Ihr Know-how und Ihre Erfahrungen sind f\u00fcr uns der Schl\u00fcssel zu unserem k\u00fcnftigen Erfolg.<\/p>\n\n\n\n<p>Bei Faber sch\u00e4tzen wir Individualit\u00e4t und bieten eine Umgebung, in der Ihre Einzigartigkeit anerkannt und gefeiert wird. Unsere Vision ist es, ein Team von leidenschaftlichen Zweirad-Enthusiasten zu formen, die positive Ver\u00e4nderungen in der Branche bewirken. Senden Sie uns Ihre Bewerbungsunterlagen und starten Sie eine aufregende berufliche Reise. Wir freuen uns darauf, Sie kennenzulernen.<\/p>\n\n\n\n<div style=\"height:50px\" aria-hidden=\"true\" class=\"wp-block-spacer\"><\/div>\n\n\n\n<hr class=\"wp-block-separator has-alpha-channel-opacity is-style-wide\"\/>\n\n\n\n<h3 class=\"wp-block-heading\" id=\"Jetzt-bewerben!\">Jetzt bewerben!<\/h3>\n\n\n\n<div class=\"wp-block-contact-form-7-contact-form-selector\">\n<div class=\"wpcf7 no-js\" id=\"wpcf7-f495-o1\" lang=\"de-AT\" dir=\"ltr\">\n<div class=\"screen-reader-response\"><p role=\"status\" aria-live=\"polite\" aria-atomic=\"true\"><\/p> <ul><\/ul><\/div>\n<form action=\"\/fabergroup\/wp-json\/wp\/v2\/pages\/48#wpcf7-f495-o1\" method=\"post\" class=\"wpcf7-form init\" aria-label=\"Contact form\" enctype=\"multipart\/form-data\" novalidate=\"novalidate\" data-status=\"init\">\n<div style=\"display: none;\">\n<input type=\"hidden\" name=\"_wpcf7\" value=\"495\" \/>\n<input type=\"hidden\" name=\"_wpcf7_version\" value=\"5.9.8\" \/>\n<input type=\"hidden\" name=\"_wpcf7_locale\" value=\"de_AT\" \/>\n<input type=\"hidden\" name=\"_wpcf7_unit_tag\" value=\"wpcf7-f495-o1\" \/>\n<input type=\"hidden\" name=\"_wpcf7_container_post\" value=\"0\" \/>\n<input type=\"hidden\" name=\"_wpcf7_posted_data_hash\" value=\"\" \/>\n<\/div>\n<p><label> Name<br \/>\n<span class=\"wpcf7-form-control-wrap\" data-name=\"your-name\"><input size=\"40\" maxlength=\"400\" class=\"wpcf7-form-control wpcf7-text wpcf7-validates-as-required\" autocomplete=\"name\" aria-required=\"true\" aria-invalid=\"false\" value=\"\" type=\"text\" name=\"your-name\" \/><\/span> <\/label>\n<\/p>\n<p><label> E-Mail-Adresse<br \/>\n<span class=\"wpcf7-form-control-wrap\" data-name=\"your-email\"><input size=\"40\" maxlength=\"400\" class=\"wpcf7-form-control wpcf7-email wpcf7-validates-as-required wpcf7-text wpcf7-validates-as-email\" autocomplete=\"email\" aria-required=\"true\" aria-invalid=\"false\" value=\"\" type=\"email\" name=\"your-email\" \/><\/span><\/label>\n<\/p>\n<p><label> Telefonnummer<br \/>\n<span class=\"wpcf7-form-control-wrap\" data-name=\"Telefonnummer\"><input size=\"40\" maxlength=\"400\" class=\"wpcf7-form-control wpcf7-tel wpcf7-validates-as-required wpcf7-text wpcf7-validates-as-tel\" aria-required=\"true\" aria-invalid=\"false\" value=\"\" type=\"tel\" name=\"Telefonnummer\" \/><\/span><\/label>\n<\/p>\n<p><label> Betreff<br \/>\n<span class=\"wpcf7-form-control-wrap\" data-name=\"your-subject\"><input size=\"40\" maxlength=\"400\" class=\"wpcf7-form-control wpcf7-text wpcf7-validates-as-required\" aria-required=\"true\" aria-invalid=\"false\" value=\"\" type=\"text\" name=\"your-subject\" \/><\/span> <\/label>\n<\/p>\n<p><label> Ihre Nachricht<br \/>\n<span class=\"wpcf7-form-control-wrap\" data-name=\"your-message\"><textarea cols=\"40\" rows=\"10\" maxlength=\"2000\" class=\"wpcf7-form-control wpcf7-textarea\" aria-invalid=\"false\" name=\"your-message\"><\/textarea><\/span> <\/label>\n<\/p>\n<p><label> Bewerbungsschreiben<br \/>\n<span class=\"wpcf7-form-control-wrap\" data-name=\"Bewerbungsunterlagen\"><input size=\"40\" class=\"wpcf7-form-control wpcf7-file\" accept=\".doc,.docx,.pdf\" aria-invalid=\"false\" type=\"file\" name=\"Bewerbungsunterlagen\" \/><\/span> <\/label>\n<\/p>\n<p><label> Lebenslauf<br \/>\n<span class=\"wpcf7-form-control-wrap\" data-name=\"Bewerbungsunterlagen\"><input size=\"40\" class=\"wpcf7-form-control wpcf7-file\" accept=\".doc,.docx,.pdf\" aria-invalid=\"false\" type=\"file\" name=\"Bewerbungsunterlagen\" \/><\/span> <\/label>\n<\/p>\n<p><input class=\"wpcf7-form-control wpcf7-submit has-spinner\" type=\"submit\" value=\"Absenden\" \/>\n<\/p><div class=\"wpcf7-response-output\" aria-hidden=\"true\"><\/div>\n<\/form>\n<\/div>\n<\/div>\n\n\n\n<div style=\"height:100px\" aria-hidden=\"true\" class=\"wp-block-spacer\"><\/div>\n","protected":false},"excerpt":{"rendered":"<p>Faber ist ein traditionsreiches und modernes Unternehmen in der \u00f6sterreichischen Mobilit\u00e4tslandschaft, das als Vorreiter in der Zweiradbranche gilt. Unsere engagierten und kompetenten Mitarbeiter sind der Schl\u00fcssel zu unserem Erfolg. Wir legen gro\u00dfen Wert auf die Integration leidenschaftlicher Mitarbeiter, die mit Motivation und innovativen Ideen unser Team bereichern. Wenn Sie die [&hellip;]<\/p>\n","protected":false},"author":1,"featured_media":865,"parent":0,"menu_order":0,"comment_status":"closed","ping_status":"closed","template":"","meta":{"footnotes":""},"class_list":["post-48","page","type-page","status-publish","has-post-thumbnail","hentry"],"_links":{"self":[{"href":"https:\/\/fabernet.webpreview.at\/fabergroup\/wp-json\/wp\/v2\/pages\/48","targetHints":{"allow":["GET"]}}],"collection":[{"href":"https:\/\/fabernet.webpreview.at\/fabergroup\/wp-json\/wp\/v2\/pages"}],"about":[{"href":"https:\/\/fabernet.webpreview.at\/fabergroup\/wp-json\/wp\/v2\/types\/page"}],"author":[{"embeddable":true,"href":"https:\/\/fabernet.webpreview.at\/fabergroup\/wp-json\/wp\/v2\/users\/1"}],"replies":[{"embeddable":true,"href":"https:\/\/fabernet.webpreview.at\/fabergroup\/wp-json\/wp\/v2\/comments?post=48"}],"version-history":[{"count":63,"href":"https:\/\/fabernet.webpreview.at\/fabergroup\/wp-json\/wp\/v2\/pages\/48\/revisions"}],"predecessor-version":[{"id":1642,"href":"https:\/\/fabernet.webpreview.at\/fabergroup\/wp-json\/wp\/v2\/pages\/48\/revisions\/1642"}],"wp:featuredmedia":[{"embeddable":true,"href":"https:\/\/fabernet.webpreview.at\/fabergroup\/wp-json\/wp\/v2\/media\/865"}],"wp:attachment":[{"href":"https:\/\/fabernet.webpreview.at\/fabergroup\/wp-json\/wp\/v2\/media?parent=48"}],"curies":[{"name":"wp","href":"https:\/\/api.w.org\/{rel}","templated":true}]}}