{"id":46,"date":"2022-04-21T12:04:30","date_gmt":"2022-04-21T10:04:30","guid":{"rendered":"http:\/\/fabernet.webpreview.at\/fabergroup\/?page_id=46"},"modified":"2024-09-18T12:15:58","modified_gmt":"2024-09-18T10:15:58","slug":"marken","status":"publish","type":"page","link":"https:\/\/fabernet.webpreview.at\/fabergroup\/marken\/","title":{"rendered":"MARKENPORTFOLIO"},"content":{"rendered":"<!-- VideographyWP Plugin Message: Automatic video embedding prevented by plugin options. -->\n\n<p>In den mehr als sieben Jahrzehnten seit der Firmengr\u00fcndung hat sich <strong>Faber <\/strong>als verl\u00e4sslicher Importeur zahlreicher bekannter und <strong>erfolgreicher Zweirad- und Zubeh\u00f6rmarken<\/strong> etabliert. Kernst\u00fcck des Markenportfolios ist seit Mitte der 1960er Jahre die italienische Roller-Ikone <strong>Vespa<\/strong>. Heute z\u00e4hlen mit <strong>Piaggio<\/strong>, <strong>Moto Guzzi<\/strong> und <strong>Aprilia <\/strong>(f\u00fcr den tschechischen und slowakischen Markt) insgesamt vier wichtige <strong>Weltmarken<\/strong> zu den von der <strong>Faber Group<\/strong> betreuten Brands. Auch was das Zubeh\u00f6r anbelangt kann Faber auf eine lange Tradition als Importeur zur\u00fcckblicken. Mit diesem Erfahrungsschatz k\u00f6nnen wir unseren Partnern und damit auch deren Kund:innen eine unbezahlbare Basis f\u00fcr Vertrauen und Service bieten.<\/p>\n\n\n\n<p>*Sie haben Interesse an einer Vertriebspartnerschaft und m\u00f6chten mit uns in Kontakt treten? <a href=\"#Partner-werden\">Dann sind Sie <strong>HIER<\/strong> genau richtig!<\/a><\/p>\n\n\n\n<div style=\"height:62px\" aria-hidden=\"true\" class=\"wp-block-spacer\"><\/div>\n\n\n\n<h2 class=\"wp-block-heading has-text-align-center has-medium-font-size\">Wir sind als Gro\u00dfh\u00e4ndler\/Importeur folgender Marken t\u00e4tig:<\/h2>\n\n\n\n<div style=\"height:47px\" aria-hidden=\"true\" class=\"wp-block-spacer\"><\/div>\n\n\n\n<div class=\"wp-block-columns is-layout-flex wp-container-core-columns-is-layout-9d6595d7 wp-block-columns-is-layout-flex\">\n<div class=\"wp-block-column is-layout-flow wp-block-column-is-layout-flow\">\n<div class=\"wp-block-media-text alignwide is-stacked-on-mobile\" style=\"grid-template-columns:15% auto\"><figure class=\"wp-block-media-text__media\"><img loading=\"lazy\" decoding=\"async\" width=\"1024\" height=\"1024\" src=\"http:\/\/fabernet.webpreview.at\/fabergroup\/wp-content\/uploads\/2022\/09\/Vespa-1024x1024.jpg\" alt=\"\" class=\"wp-image-284 size-full\" srcset=\"https:\/\/fabernet.webpreview.at\/fabergroup\/wp-content\/uploads\/2022\/09\/Vespa-1024x1024.jpg 1024w, https:\/\/fabernet.webpreview.at\/fabergroup\/wp-content\/uploads\/2022\/09\/Vespa-300x300.jpg 300w, https:\/\/fabernet.webpreview.at\/fabergroup\/wp-content\/uploads\/2022\/09\/Vespa-150x150.jpg 150w, https:\/\/fabernet.webpreview.at\/fabergroup\/wp-content\/uploads\/2022\/09\/Vespa-768x768.jpg 768w, https:\/\/fabernet.webpreview.at\/fabergroup\/wp-content\/uploads\/2022\/09\/Vespa.jpg 1200w\" sizes=\"auto, (max-width: 1024px) 100vw, 1024px\" \/><\/figure><div class=\"wp-block-media-text__content\">\n<p>Seit 1964 bringen wir das italienische &#8220;Dolce Vita&#8221;-Feeling auf \u00d6sterreichs Stra\u00dfen und pr\u00e4gen den Lebensstil unserer Kunden mit dem Kult-Roller. F\u00fcr uns ist jeder verkaufte Roller mehr als nur ein Fahrzeug \u2013 er steht f\u00fcr Freiheit, Stil und pure Lebensfreude. Seit \u00fcber f\u00fcnf Jahrzehnten sind wir stolz darauf, Teil der \u00f6sterreichischen Fahrkultur zu sein und unbeschwerte Fahrerlebnisse zu schaffen, die den Geist der italienischen Leichtigkeit verk\u00f6rpern.<\/p>\n\n\n\n<p><a href=\"http:\/\/www.vespa.com\" data-type=\"URL\" data-id=\"www.vespa.com\">www.vespa.com<\/a><\/p>\n\n\n\n<div style=\"height:30px\" aria-hidden=\"true\" class=\"wp-block-spacer\"><\/div>\n<\/div><\/div>\n\n\n\n<div class=\"wp-block-media-text alignwide is-stacked-on-mobile\" style=\"grid-template-columns:15% auto\"><figure class=\"wp-block-media-text__media\"><img loading=\"lazy\" decoding=\"async\" width=\"1024\" height=\"1024\" src=\"https:\/\/fabernet.webpreview.at\/fabergroup\/wp-content\/uploads\/2022\/09\/PIAGGIO-1024x1024.jpg\" alt=\"\" class=\"wp-image-279 size-full\" srcset=\"https:\/\/fabernet.webpreview.at\/fabergroup\/wp-content\/uploads\/2022\/09\/PIAGGIO-1024x1024.jpg 1024w, https:\/\/fabernet.webpreview.at\/fabergroup\/wp-content\/uploads\/2022\/09\/PIAGGIO-300x300.jpg 300w, https:\/\/fabernet.webpreview.at\/fabergroup\/wp-content\/uploads\/2022\/09\/PIAGGIO-150x150.jpg 150w, https:\/\/fabernet.webpreview.at\/fabergroup\/wp-content\/uploads\/2022\/09\/PIAGGIO-768x768.jpg 768w, https:\/\/fabernet.webpreview.at\/fabergroup\/wp-content\/uploads\/2022\/09\/PIAGGIO.jpg 1200w\" sizes=\"auto, (max-width: 1024px) 100vw, 1024px\" \/><\/figure><div class=\"wp-block-media-text__content\">\n<p>Unser Importgesch\u00e4ft verbindet Piaggios innovative und zuverl\u00e4ssige Fahrzeuge mit einer anspruchsvollen Zielgruppe, die Funktionalit\u00e4t und Sicherheit sch\u00e4tzt. Wir bieten nicht nur Fahrzeuge, sondern ma\u00dfgeschneiderte L\u00f6sungen, die h\u00f6chste Anspr\u00fcche an moderne Mobilit\u00e4t erf\u00fcllen.<\/p>\n\n\n\n<p><a href=\"http:\/\/www.piaggio.com\">www.piaggio.com<\/a><\/p>\n\n\n\n<div style=\"height:30px\" aria-hidden=\"true\" class=\"wp-block-spacer\"><\/div>\n<\/div><\/div>\n\n\n\n<div class=\"wp-block-media-text alignwide is-stacked-on-mobile\" style=\"grid-template-columns:15% auto\"><figure class=\"wp-block-media-text__media\"><img loading=\"lazy\" decoding=\"async\" width=\"1024\" height=\"1024\" src=\"https:\/\/fabernet.webpreview.at\/fabergroup\/wp-content\/uploads\/2023\/02\/MotoGuzziFaberGroup-1024x1024.jpg\" alt=\"\" class=\"wp-image-347 size-full\" srcset=\"https:\/\/fabernet.webpreview.at\/fabergroup\/wp-content\/uploads\/2023\/02\/MotoGuzziFaberGroup-1024x1024.jpg 1024w, https:\/\/fabernet.webpreview.at\/fabergroup\/wp-content\/uploads\/2023\/02\/MotoGuzziFaberGroup-300x300.jpg 300w, https:\/\/fabernet.webpreview.at\/fabergroup\/wp-content\/uploads\/2023\/02\/MotoGuzziFaberGroup-150x150.jpg 150w, https:\/\/fabernet.webpreview.at\/fabergroup\/wp-content\/uploads\/2023\/02\/MotoGuzziFaberGroup-768x768.jpg 768w, https:\/\/fabernet.webpreview.at\/fabergroup\/wp-content\/uploads\/2023\/02\/MotoGuzziFaberGroup.jpg 1200w\" sizes=\"auto, (max-width: 1024px) 100vw, 1024px\" \/><\/figure><div class=\"wp-block-media-text__content\">\n<p>Mit Stolz bringen wir die majest\u00e4tischen Moto Guzzi-Adler aus Italien nach \u00d6sterreich, um ihre kraftvolle Eleganz auf unseren Stra\u00dfen zu entfalten. Jede importierte Maschine ist mehr als ein Fahrzeug \u2013 sie ist ein Symbol f\u00fcr Handwerkskunst, zeitlose \u00c4sthetik und die tief verwurzelte Verbindung zwischen italienischer Leidenschaft und \u00f6sterreichischer Fahrkultur.<\/p>\n\n\n\n<p><a href=\"http:\/\/www.moto-guzzi.com\">www.moto-guzzi.com<\/a><\/p>\n\n\n\n<div style=\"height:30px\" aria-hidden=\"true\" class=\"wp-block-spacer\"><\/div>\n<\/div><\/div>\n\n\n\n<div class=\"wp-block-media-text alignwide is-stacked-on-mobile\" style=\"grid-template-columns:15% auto\"><figure class=\"wp-block-media-text__media\"><img loading=\"lazy\" decoding=\"async\" width=\"1024\" height=\"1024\" src=\"https:\/\/fabernet.webpreview.at\/fabergroup\/wp-content\/uploads\/2023\/02\/ApriliaFabergroup-1024x1024.jpg\" alt=\"\" class=\"wp-image-369 size-full\" srcset=\"https:\/\/fabernet.webpreview.at\/fabergroup\/wp-content\/uploads\/2023\/02\/ApriliaFabergroup-1024x1024.jpg 1024w, https:\/\/fabernet.webpreview.at\/fabergroup\/wp-content\/uploads\/2023\/02\/ApriliaFabergroup-300x300.jpg 300w, https:\/\/fabernet.webpreview.at\/fabergroup\/wp-content\/uploads\/2023\/02\/ApriliaFabergroup-150x150.jpg 150w, https:\/\/fabernet.webpreview.at\/fabergroup\/wp-content\/uploads\/2023\/02\/ApriliaFabergroup-768x768.jpg 768w, https:\/\/fabernet.webpreview.at\/fabergroup\/wp-content\/uploads\/2023\/02\/ApriliaFabergroup.jpg 1200w\" sizes=\"auto, (max-width: 1024px) 100vw, 1024px\" \/><\/figure><div class=\"wp-block-media-text__content\">\n<p>Dank unserer engagierten Bem\u00fchungen haben die Aprilia-Fahrzeuge den tschechischen und slowakischen Markt erobert. Aprilia steht nicht nur f\u00fcr herausragende Leistung, sondern auch f\u00fcr unverwechselbaren Stil und innovative Technologie. Unser Einsatz geht \u00fcber den reinen Import hinaus \u2013 wir verbinden erstklassige Fahrzeuge mit einer Zielgruppe, die Exzellenz und Raffinesse sch\u00e4tzt. Wir sind stolz darauf, diese hochwertigen Maschinen in neue M\u00e4rkte zu bringen und \u00fcberzeugt, dass sie die Herzen anspruchsvoller Fahrzeugliebhaber gewinnen werden.<\/p>\n\n\n\n<p><a href=\"http:\/\/www.aprilia.com\/\">www.aprilia.com<\/a><\/p>\n<\/div><\/div>\n\n\n\n<div style=\"height:30px\" aria-hidden=\"true\" class=\"wp-block-spacer\"><\/div>\n\n\n\n<div class=\"wp-block-media-text alignwide is-stacked-on-mobile\" style=\"grid-template-columns:15% auto\"><figure class=\"wp-block-media-text__media\"><img loading=\"lazy\" decoding=\"async\" width=\"1024\" height=\"1024\" src=\"https:\/\/fabernet.webpreview.at\/fabergroup\/wp-content\/uploads\/2022\/09\/Akrapovic-1024x1024.jpg\" alt=\"\" class=\"wp-image-286 size-full\" srcset=\"https:\/\/fabernet.webpreview.at\/fabergroup\/wp-content\/uploads\/2022\/09\/Akrapovic-1024x1024.jpg 1024w, https:\/\/fabernet.webpreview.at\/fabergroup\/wp-content\/uploads\/2022\/09\/Akrapovic-300x300.jpg 300w, https:\/\/fabernet.webpreview.at\/fabergroup\/wp-content\/uploads\/2022\/09\/Akrapovic-150x150.jpg 150w, https:\/\/fabernet.webpreview.at\/fabergroup\/wp-content\/uploads\/2022\/09\/Akrapovic-768x768.jpg 768w, https:\/\/fabernet.webpreview.at\/fabergroup\/wp-content\/uploads\/2022\/09\/Akrapovic.jpg 1200w\" sizes=\"auto, (max-width: 1024px) 100vw, 1024px\" \/><\/figure><div class=\"wp-block-media-text__content\">\n<p>Der ehemalige Motorradfahrer Igor Akrapovic hat mit seinem Unternehmen, das von einer kleinen Werkstatt zu einem internationalen Gro\u00dfkonzern gewachsen ist, die Ger\u00e4uschkulisse von Motorr\u00e4dern weltweit gepr\u00e4gt. Akrapovic produziert in Slowenien hochwertige Auspuffanlagen f\u00fcr eine breite Palette von Fahrzeugen, von Vespas bis hin zu Rennmaschinen. Dank hoher Produktqualit\u00e4t, starker Pr\u00e4senz im Rennsport und einem betonten Lifestyle-Faktor entscheiden sich viele Motorradfahrer bereits beim Kauf f\u00fcr einen Akrapovic-Auspuff. Als Alleinimporteur der Auspuffanlagen f\u00fcr Zweir\u00e4der von Akrapovic sorgen wir f\u00fcr satten, tiefen Sound in der heimischen Motorrad- und Roller-Szene.<\/p>\n\n\n\n<p><a href=\"http:\/\/www.akrapovic.com\/\">www.akrapovic.com<\/a><\/p>\n<\/div><\/div>\n\n\n\n<div style=\"height:30px\" aria-hidden=\"true\" class=\"wp-block-spacer\"><\/div>\n\n\n\n<div class=\"wp-block-media-text alignwide is-stacked-on-mobile\" style=\"grid-template-columns:15% auto\"><figure class=\"wp-block-media-text__media\"><img loading=\"lazy\" decoding=\"async\" width=\"1024\" height=\"1024\" src=\"https:\/\/fabernet.webpreview.at\/fabergroup\/wp-content\/uploads\/2022\/09\/Rizoma-1024x1024.jpg\" alt=\"\" class=\"wp-image-282 size-full\" srcset=\"https:\/\/fabernet.webpreview.at\/fabergroup\/wp-content\/uploads\/2022\/09\/Rizoma-1024x1024.jpg 1024w, https:\/\/fabernet.webpreview.at\/fabergroup\/wp-content\/uploads\/2022\/09\/Rizoma-300x300.jpg 300w, https:\/\/fabernet.webpreview.at\/fabergroup\/wp-content\/uploads\/2022\/09\/Rizoma-150x150.jpg 150w, https:\/\/fabernet.webpreview.at\/fabergroup\/wp-content\/uploads\/2022\/09\/Rizoma-768x768.jpg 768w, https:\/\/fabernet.webpreview.at\/fabergroup\/wp-content\/uploads\/2022\/09\/Rizoma.jpg 1200w\" sizes=\"auto, (max-width: 1024px) 100vw, 1024px\" \/><\/figure><div class=\"wp-block-media-text__content\">\n<p>Der Kauf eines Motorrads oder Rollers ist mehr als nur der Erwerb eines Fortbewegungsmittels \u2013 es ist ein Ausdruck von Freiheit und Individualit\u00e4t. Dieser Wunsch hat eine bl\u00fchende Industrie f\u00fcr hochwertiges Zubeh\u00f6r hervorgebracht. Das italienische Unternehmen RIZOMA, ein Pionier im Customizing, bedient diesen Markt mit erstklassigen, optisch und qualitativ herausragenden Produkten, die bei Zweirad-Fans \u00e4u\u00dferst beliebt sind. Dank der Vertriebspartnerschaft mit Rizoma zieren die hochwertigen Customizing-Produkte der italienischen Marke zahlreiche Motorr\u00e4der und Roller in \u00d6sterreich.<\/p>\n\n\n\n<p><a href=\"http:\/\/www.rizoma.com\/\">www.rizoma.com<\/a><\/p>\n<\/div><\/div>\n\n\n\n<div style=\"height:30px\" aria-hidden=\"true\" class=\"wp-block-spacer\"><\/div>\n\n\n\n<div class=\"wp-block-media-text alignwide is-stacked-on-mobile\" style=\"grid-template-columns:15% auto\"><figure class=\"wp-block-media-text__media\"><img loading=\"lazy\" decoding=\"async\" width=\"1024\" height=\"1024\" src=\"https:\/\/fabernet.webpreview.at\/fabergroup\/wp-content\/uploads\/2022\/09\/Remus-1024x1024.jpg\" alt=\"\" class=\"wp-image-281 size-full\" srcset=\"https:\/\/fabernet.webpreview.at\/fabergroup\/wp-content\/uploads\/2022\/09\/Remus-1024x1024.jpg 1024w, https:\/\/fabernet.webpreview.at\/fabergroup\/wp-content\/uploads\/2022\/09\/Remus-300x300.jpg 300w, https:\/\/fabernet.webpreview.at\/fabergroup\/wp-content\/uploads\/2022\/09\/Remus-150x150.jpg 150w, https:\/\/fabernet.webpreview.at\/fabergroup\/wp-content\/uploads\/2022\/09\/Remus-768x768.jpg 768w, https:\/\/fabernet.webpreview.at\/fabergroup\/wp-content\/uploads\/2022\/09\/Remus.jpg 1200w\" sizes=\"auto, (max-width: 1024px) 100vw, 1024px\" \/><\/figure><div class=\"wp-block-media-text__content\">\n<p>Die 1990 in der Steiermark gegr\u00fcndete REMUS Innovation GmbH ist ein weltweit f\u00fchrender Hersteller von Sportauspuffanlagen. Neben High-End-Upgrades f\u00fcr Premiumfahrzeuge wie Mercedes AMG, Porsche, McLaren und BMW bietet REMUS auch Produkte f\u00fcr den Zweirad-Bereich an. Als Vertriebspartner von Remus versorgen wir den heimischen Roller-Markt exklusiv mit den passenden Auspuffanlagen.<\/p>\n\n\n\n<p><a href=\"http:\/\/www.remus.eu\/\">www.remus.eu<\/a><\/p>\n<\/div><\/div>\n\n\n\n<div style=\"height:30px\" aria-hidden=\"true\" class=\"wp-block-spacer\"><\/div>\n\n\n\n<div class=\"wp-block-media-text alignwide is-stacked-on-mobile\" style=\"grid-template-columns:15% auto\"><figure class=\"wp-block-media-text__media\"><img loading=\"lazy\" decoding=\"async\" width=\"1024\" height=\"1024\" src=\"https:\/\/fabernet.webpreview.at\/fabergroup\/wp-content\/uploads\/2022\/09\/Fabioni-1024x1024.jpg\" alt=\"\" class=\"wp-image-288 size-full\" srcset=\"https:\/\/fabernet.webpreview.at\/fabergroup\/wp-content\/uploads\/2022\/09\/Fabioni-1024x1024.jpg 1024w, https:\/\/fabernet.webpreview.at\/fabergroup\/wp-content\/uploads\/2022\/09\/Fabioni-300x300.jpg 300w, https:\/\/fabernet.webpreview.at\/fabergroup\/wp-content\/uploads\/2022\/09\/Fabioni-150x150.jpg 150w, https:\/\/fabernet.webpreview.at\/fabergroup\/wp-content\/uploads\/2022\/09\/Fabioni-768x768.jpg 768w, https:\/\/fabernet.webpreview.at\/fabergroup\/wp-content\/uploads\/2022\/09\/Fabioni.jpg 1200w\" sizes=\"auto, (max-width: 1024px) 100vw, 1024px\" \/><\/figure><div class=\"wp-block-media-text__content\">\n<p>Felgen, Spiegel, Gep\u00e4cktr\u00e4ger, Fu\u00dfrasten, Blinker, Scheinwerfer und sogar Socken. Die hochwertig produzierten Teile unserer Eigenmarke Fabioni spielen alle St\u00fccke.<\/p>\n<\/div><\/div>\n\n\n\n<div class=\"wp-block-media-text alignwide is-stacked-on-mobile\" style=\"grid-template-columns:15% auto\"><figure class=\"wp-block-media-text__media\"><img loading=\"lazy\" decoding=\"async\" width=\"1024\" height=\"1024\" src=\"https:\/\/fabernet.webpreview.at\/fabergroup\/wp-content\/uploads\/2022\/09\/TucanoUrbano-1024x1024.jpg\" alt=\"\" class=\"wp-image-283 size-full\" srcset=\"https:\/\/fabernet.webpreview.at\/fabergroup\/wp-content\/uploads\/2022\/09\/TucanoUrbano-1024x1024.jpg 1024w, https:\/\/fabernet.webpreview.at\/fabergroup\/wp-content\/uploads\/2022\/09\/TucanoUrbano-300x300.jpg 300w, https:\/\/fabernet.webpreview.at\/fabergroup\/wp-content\/uploads\/2022\/09\/TucanoUrbano-150x150.jpg 150w, https:\/\/fabernet.webpreview.at\/fabergroup\/wp-content\/uploads\/2022\/09\/TucanoUrbano-768x768.jpg 768w, https:\/\/fabernet.webpreview.at\/fabergroup\/wp-content\/uploads\/2022\/09\/TucanoUrbano.jpg 1200w\" sizes=\"auto, (max-width: 1024px) 100vw, 1024px\" \/><\/figure><div class=\"wp-block-media-text__content\">\n<p>Um die Sicherheit der heimischen Roller-Gemeinschaft gew\u00e4hrleisten zu k\u00f6nnen, setzen wir auf die Bekleidung von Tucano Urbano. Das 1999 in der norditalienischen Metropole Mailand gegr\u00fcndete Unternehmen bietet eine Kombination aus modischem Stil mit qualitativ hochwertiger Funktionalit\u00e4t. Man produziert laut eigener Definition f\u00fcr den Markt der \u201eSmart Urban Mobility\u201c.<\/p>\n\n\n\n<p><a href=\"https:\/\/www.tucanourbano.com\/de\">https:\/\/www.tucanourbano.com\/de<\/a><\/p>\n<\/div><\/div>\n<\/div>\n<\/div>\n\n\n\n<div class=\"wp-block-media-text alignwide is-stacked-on-mobile\" style=\"grid-template-columns:15% auto\"><figure class=\"wp-block-media-text__media\"><img loading=\"lazy\" decoding=\"async\" width=\"1024\" height=\"1024\" src=\"https:\/\/fabernet.webpreview.at\/fabergroup\/wp-content\/uploads\/2022\/09\/Helmo-Milano-1024x1024.jpg\" alt=\"\" class=\"wp-image-276 size-full\" srcset=\"https:\/\/fabernet.webpreview.at\/fabergroup\/wp-content\/uploads\/2022\/09\/Helmo-Milano-1024x1024.jpg 1024w, https:\/\/fabernet.webpreview.at\/fabergroup\/wp-content\/uploads\/2022\/09\/Helmo-Milano-300x300.jpg 300w, https:\/\/fabernet.webpreview.at\/fabergroup\/wp-content\/uploads\/2022\/09\/Helmo-Milano-150x150.jpg 150w, https:\/\/fabernet.webpreview.at\/fabergroup\/wp-content\/uploads\/2022\/09\/Helmo-Milano-768x768.jpg 768w, https:\/\/fabernet.webpreview.at\/fabergroup\/wp-content\/uploads\/2022\/09\/Helmo-Milano.jpg 1200w\" sizes=\"auto, (max-width: 1024px) 100vw, 1024px\" \/><\/figure><div class=\"wp-block-media-text__content\">\n<p>Das umfangreiche Sortiment an Jethelmen von Helmo Milano verbindet Sicherheit mit italienischem Stil. Wir versorgen unsere H\u00e4ndlernetz und damit die stilbewussten Endkunden mit den schicken Helmen.<\/p>\n\n\n\n<p><a href=\"https:\/\/www.helmo-milano.it\">https:\/\/www.helmo-milano.it<\/a><\/p>\n<\/div><\/div>\n\n\n\n<div class=\"wp-block-media-text alignwide is-stacked-on-mobile\" style=\"grid-template-columns:15% auto\"><figure class=\"wp-block-media-text__media\"><img loading=\"lazy\" decoding=\"async\" width=\"1024\" height=\"1024\" src=\"https:\/\/fabernet.webpreview.at\/fabergroup\/wp-content\/uploads\/2022\/09\/Malossi-1024x1024.jpg\" alt=\"\" class=\"wp-image-277 size-full\" srcset=\"https:\/\/fabernet.webpreview.at\/fabergroup\/wp-content\/uploads\/2022\/09\/Malossi-1024x1024.jpg 1024w, https:\/\/fabernet.webpreview.at\/fabergroup\/wp-content\/uploads\/2022\/09\/Malossi-300x300.jpg 300w, https:\/\/fabernet.webpreview.at\/fabergroup\/wp-content\/uploads\/2022\/09\/Malossi-150x150.jpg 150w, https:\/\/fabernet.webpreview.at\/fabergroup\/wp-content\/uploads\/2022\/09\/Malossi-768x768.jpg 768w, https:\/\/fabernet.webpreview.at\/fabergroup\/wp-content\/uploads\/2022\/09\/Malossi.jpg 1200w\" sizes=\"auto, (max-width: 1024px) 100vw, 1024px\" \/><\/figure><div class=\"wp-block-media-text__content\">\n<p>Der Name Malossi ist seit Jahrzehnten untrennbar mit der Zweiradwelt im Allgemeinen und Vespa im Besonderen verbunden. Performance-optimierende Teile wie Drehwandler, Luftfilter, komplette Kits und vieles mehr wird von uns f\u00fcr die Schrauber-Gemeinschaft zur Verf\u00fcgung gestellt.<\/p>\n\n\n\n<p><a href=\"https:\/\/www.malossistore.com\/de\/at\/\">https:\/\/www.malossistore.com\/de\/at\/<\/a><\/p>\n<\/div><\/div>\n\n\n\n<div style=\"height:115px\" aria-hidden=\"true\" class=\"wp-block-spacer\"><\/div>\n\n\n\n<hr class=\"wp-block-separator has-alpha-channel-opacity is-style-wide\"\/>\n\n\n\n<h2 class=\"wp-block-heading\" id=\"Partner-werden\">Partner werden:<\/h2>\n\n\n\n<div class=\"wp-block-contact-form-7-contact-form-selector\">\n<div class=\"wpcf7 no-js\" id=\"wpcf7-f488-o1\" lang=\"de-AT\" dir=\"ltr\">\n<div class=\"screen-reader-response\"><p role=\"status\" aria-live=\"polite\" aria-atomic=\"true\"><\/p> <ul><\/ul><\/div>\n<form action=\"\/fabergroup\/wp-json\/wp\/v2\/pages\/46#wpcf7-f488-o1\" method=\"post\" class=\"wpcf7-form init\" aria-label=\"Contact form\" enctype=\"multipart\/form-data\" novalidate=\"novalidate\" data-status=\"init\">\n<div style=\"display: none;\">\n<input type=\"hidden\" name=\"_wpcf7\" value=\"488\" \/>\n<input type=\"hidden\" name=\"_wpcf7_version\" value=\"5.9.8\" \/>\n<input type=\"hidden\" name=\"_wpcf7_locale\" value=\"de_AT\" \/>\n<input type=\"hidden\" name=\"_wpcf7_unit_tag\" value=\"wpcf7-f488-o1\" \/>\n<input type=\"hidden\" name=\"_wpcf7_container_post\" value=\"0\" \/>\n<input type=\"hidden\" name=\"_wpcf7_posted_data_hash\" value=\"\" \/>\n<\/div>\n<p><label> Ihr Name<br \/>\n<span class=\"wpcf7-form-control-wrap\" data-name=\"your-name\"><input size=\"40\" maxlength=\"400\" class=\"wpcf7-form-control wpcf7-text wpcf7-validates-as-required\" autocomplete=\"name\" aria-required=\"true\" aria-invalid=\"false\" value=\"\" type=\"text\" name=\"your-name\" \/><\/span> <\/label>\n<\/p>\n<p><label> Art der Partnerschaft <\/label><span class=\"wpcf7-form-control-wrap\" data-name=\"ArtderPartnerschaft\"><select class=\"wpcf7-form-control wpcf7-select wpcf7-validates-as-required\" aria-required=\"true\" aria-invalid=\"false\" name=\"ArtderPartnerschaft\"><option value=\"\">&#8212;Please choose an option&#8212;<\/option><option value=\"H\u00e4ndler\">H\u00e4ndler<\/option><option value=\"Lieferant\">Lieferant<\/option><\/select><\/span>\n<\/p>\n<p><label> E-Mail-Adresse<br \/>\n<span class=\"wpcf7-form-control-wrap\" data-name=\"your-email\"><input size=\"40\" maxlength=\"400\" class=\"wpcf7-form-control wpcf7-email wpcf7-validates-as-required wpcf7-text wpcf7-validates-as-email\" autocomplete=\"email\" aria-required=\"true\" aria-invalid=\"false\" value=\"\" type=\"email\" name=\"your-email\" \/><\/span> <\/label>\n<\/p>\n<p><label> Telefonnummer<br \/>\n<span class=\"wpcf7-form-control-wrap\" data-name=\"your-phone\"><input size=\"40\" maxlength=\"400\" class=\"wpcf7-form-control wpcf7-text wpcf7-validates-as-required\" autocomplete=\"phone\" aria-required=\"true\" aria-invalid=\"false\" value=\"\" type=\"text\" name=\"your-phone\" \/><\/span> <\/label>\n<\/p>\n<p><label> Ihre Firma<br \/>\n<span class=\"wpcf7-form-control-wrap\" data-name=\"your-company\"><input size=\"40\" maxlength=\"400\" class=\"wpcf7-form-control wpcf7-text wpcf7-validates-as-required\" autocomplete=\"company\" aria-required=\"true\" aria-invalid=\"false\" value=\"\" type=\"text\" name=\"your-company\" \/><\/span> <\/label>\n<\/p>\n<p><label> Anschrift<br \/>\n<span class=\"wpcf7-form-control-wrap\" data-name=\"your-address\"><input size=\"40\" maxlength=\"400\" class=\"wpcf7-form-control wpcf7-text wpcf7-validates-as-required\" autocomplete=\"address\" aria-required=\"true\" aria-invalid=\"false\" value=\"\" type=\"text\" name=\"your-address\" \/><\/span> <\/label>\n<\/p>\n<p><label> Ihre Unternehmenswebsite:<br \/>\n<span class=\"wpcf7-form-control-wrap\" data-name=\"your-company\"><input size=\"40\" maxlength=\"400\" class=\"wpcf7-form-control wpcf7-text wpcf7-validates-as-required\" autocomplete=\"company\" aria-required=\"true\" aria-invalid=\"false\" value=\"\" type=\"text\" name=\"your-company\" \/><\/span> <\/label>\n<\/p>\n<p><label> Ihre Nachricht<br \/>\n<span class=\"wpcf7-form-control-wrap\" data-name=\"your-message\"><textarea cols=\"40\" rows=\"10\" maxlength=\"2000\" class=\"wpcf7-form-control wpcf7-textarea\" aria-invalid=\"false\" name=\"your-message\"><\/textarea><\/span> <\/label>\n<\/p>\n<p><label> Anhang<br \/>\n<span class=\"wpcf7-form-control-wrap\" data-name=\"Anhang\"><input size=\"40\" class=\"wpcf7-form-control wpcf7-file\" accept=\".doc,.docx,.pdf\" aria-invalid=\"false\" type=\"file\" name=\"Anhang\" \/><\/span> <\/label>\n<\/p>\n<p><input class=\"wpcf7-form-control wpcf7-submit has-spinner\" type=\"submit\" value=\"Absenden\" \/>\n<\/p><div class=\"wpcf7-response-output\" aria-hidden=\"true\"><\/div>\n<\/form>\n<\/div>\n<\/div>\n\n\n\n<div style=\"height:84px\" aria-hidden=\"true\" class=\"wp-block-spacer\"><\/div>\n","protected":false},"excerpt":{"rendered":"<p>In den mehr als sieben Jahrzehnten seit der Firmengr\u00fcndung hat sich Faber als verl\u00e4sslicher Importeur zahlreicher bekannter und erfolgreicher Zweirad- und Zubeh\u00f6rmarken etabliert. Kernst\u00fcck des Markenportfolios ist seit Mitte der 1960er Jahre die italienische Roller-Ikone Vespa. Heute z\u00e4hlen mit Piaggio, Moto Guzzi und Aprilia (f\u00fcr den tschechischen und slowakischen Markt) [&hellip;]<\/p>\n","protected":false},"author":1,"featured_media":1615,"parent":0,"menu_order":0,"comment_status":"closed","ping_status":"closed","template":"","meta":{"footnotes":""},"class_list":["post-46","page","type-page","status-publish","has-post-thumbnail","hentry"],"_links":{"self":[{"href":"https:\/\/fabernet.webpreview.at\/fabergroup\/wp-json\/wp\/v2\/pages\/46","targetHints":{"allow":["GET"]}}],"collection":[{"href":"https:\/\/fabernet.webpreview.at\/fabergroup\/wp-json\/wp\/v2\/pages"}],"about":[{"href":"https:\/\/fabernet.webpreview.at\/fabergroup\/wp-json\/wp\/v2\/types\/page"}],"author":[{"embeddable":true,"href":"https:\/\/fabernet.webpreview.at\/fabergroup\/wp-json\/wp\/v2\/users\/1"}],"replies":[{"embeddable":true,"href":"https:\/\/fabernet.webpreview.at\/fabergroup\/wp-json\/wp\/v2\/comments?post=46"}],"version-history":[{"count":120,"href":"https:\/\/fabernet.webpreview.at\/fabergroup\/wp-json\/wp\/v2\/pages\/46\/revisions"}],"predecessor-version":[{"id":1643,"href":"https:\/\/fabernet.webpreview.at\/fabergroup\/wp-json\/wp\/v2\/pages\/46\/revisions\/1643"}],"wp:featuredmedia":[{"embeddable":true,"href":"https:\/\/fabernet.webpreview.at\/fabergroup\/wp-json\/wp\/v2\/media\/1615"}],"wp:attachment":[{"href":"https:\/\/fabernet.webpreview.at\/fabergroup\/wp-json\/wp\/v2\/media?parent=46"}],"curies":[{"name":"wp","href":"https:\/\/api.w.org\/{rel}","templated":true}]}}