{"id":45,"date":"2022-04-21T12:04:30","date_gmt":"2022-04-21T10:04:30","guid":{"rendered":"http:\/\/fabernet.webpreview.at\/fabergroup\/?page_id=45"},"modified":"2024-08-29T11:30:11","modified_gmt":"2024-08-29T09:30:11","slug":"leistungen","status":"publish","type":"page","link":"https:\/\/fabernet.webpreview.at\/fabergroup\/leistungen\/","title":{"rendered":"LEISTUNGEN"},"content":{"rendered":"<!-- VideographyWP Plugin Message: Automatic video embedding prevented by plugin options. -->\n\n<p class=\"has-text-align-left\">Faber ist Ihr umfassender Partner in der Welt der Zweir\u00e4der. Als erfahrener Importeur und Gro\u00dfh\u00e4ndler bieten wir ein breites Spektrum an Leistungen \u2013 von der Distribution verschiedener Marken bis hin zu einem umfangreichen Sortiment an Zubeh\u00f6r. Unsere Expertise erstreckt sich \u00fcber Ersatzteile, Aftersales-Services mit technischem Support, Garantieabwicklung, Verkaufsunterst\u00fctzung und logistische L\u00f6sungen. Mit einem starken Fokus auf Technik und Garantie stehen wir f\u00fcr Qualit\u00e4t und Zuverl\u00e4ssigkeit. Unser Einzelhandelsangebot umfasst zudem eine breite Auswahl an Zweir\u00e4dern sowie das passende Zubeh\u00f6r. Wir bieten au\u00dferdem Zweirad-Fuhrpark-L\u00f6sungen in den Bereichen Transport und Logistik f\u00fcr Unternehmen an. Vertrauen Sie auf Faber, umfassende Kompetenz f\u00fcr eine umfassende Zweiraderfahrung.<\/p>\n\n\n\n<div style=\"height:92px\" aria-hidden=\"true\" class=\"wp-block-spacer\"><\/div>\n\n\n\n<h4 class=\"wp-block-heading has-text-align-center has-accent-color has-text-color\">UNSERE KOMPETENZEN<\/h4>\n\n\n\n<div style=\"height:39px\" aria-hidden=\"true\" class=\"wp-block-spacer\"><\/div>\n\n\n\n<ul class=\"wp-block-list\">\n<li><a href=\"#imp\">Import &amp; Gro\u00dfhandel<\/a><\/li>\n\n\n\n<li><a href=\"#gdz\">Gro\u00dfhandel diverser Zubeh\u00f6rmarken<\/a><\/li>\n\n\n\n<li><a href=\"#eua\">Ersatzteile &amp; Aftersales<\/a><\/li>\n\n\n\n<li><a href=\"#log\">Logistik<\/a><\/li>\n\n\n\n<li><a href=\"#tug\">Technik &amp; Garantie<\/a><\/li>\n\n\n\n<li><a href=\"#eh\">Einzelhandel<\/a><\/li>\n\n\n\n<li><a href=\"#zrfp\">Zweirad-Fuhrpark<\/a><\/li>\n<\/ul>\n\n\n\n<div style=\"height:138px\" aria-hidden=\"true\" class=\"wp-block-spacer\"><\/div>\n\n\n\n<div class=\"wp-block-media-text alignwide is-stacked-on-mobile\" style=\"grid-template-columns:40% auto\" id=\"imp\"><figure class=\"wp-block-media-text__media\"><img loading=\"lazy\" decoding=\"async\" width=\"1024\" height=\"683\" src=\"http:\/\/fabernet.webpreview.at\/fabergroup\/wp-content\/uploads\/2023\/02\/IMG_9100-1024x683.jpg\" alt=\"\" class=\"wp-image-483 size-full\" srcset=\"https:\/\/fabernet.webpreview.at\/fabergroup\/wp-content\/uploads\/2023\/02\/IMG_9100-1024x683.jpg 1024w, https:\/\/fabernet.webpreview.at\/fabergroup\/wp-content\/uploads\/2023\/02\/IMG_9100-300x200.jpg 300w, https:\/\/fabernet.webpreview.at\/fabergroup\/wp-content\/uploads\/2023\/02\/IMG_9100-768x512.jpg 768w, https:\/\/fabernet.webpreview.at\/fabergroup\/wp-content\/uploads\/2023\/02\/IMG_9100.jpg 1200w\" sizes=\"auto, (max-width: 1024px) 100vw, 1024px\" \/><\/figure><div class=\"wp-block-media-text__content\">\n<p id=\"IMP\"><strong>Import &amp; Gro\u00dfhandel<\/strong> Seit 1964 ist die Faber GmbH Generalimporteur der <a href=\"https:\/\/fabernet.webpreview.at\/fabergroup\/marken\/\">Marken<\/a> der Piaggio Gruppe f\u00fcr \u00d6sterreich. Seit 2017 ist das Tochterunternehmen Faber Moto s.r.o. in dieser Funktion auch auf dem tschechischen und dem slowakischen Markt t\u00e4tig.<\/p>\n<\/div><\/div>\n\n\n\n<div class=\"wp-block-media-text alignwide has-media-on-the-right is-stacked-on-mobile\" style=\"grid-template-columns:auto 40%\" id=\"gdz\"><div class=\"wp-block-media-text__content\">\n<p id=\"GdZ\"><strong>Gro\u00dfhandel div. Zubeh\u00f6rmarken<\/strong> Die Faber GmbH ist Gro\u00dfh\u00e4ndler namhafter Motorrad-<a href=\"https:\/\/fabernet.webpreview.at\/fabergroup\/marken\/\">Zubeh\u00f6rmarken<\/a> wie Akrapovic, Remus, Tucano Urbano, Helmo Milano, Rizoma u.v.m.<\/p>\n<\/div><figure class=\"wp-block-media-text__media\"><img loading=\"lazy\" decoding=\"async\" width=\"1024\" height=\"683\" src=\"https:\/\/fabernet.webpreview.at\/fabergroup\/wp-content\/uploads\/2024\/07\/2024-2_FABER_Zentrale_1230_byAkosBurg_web-15-1024x683.jpg\" alt=\"\" class=\"wp-image-870 size-full\" srcset=\"https:\/\/fabernet.webpreview.at\/fabergroup\/wp-content\/uploads\/2024\/07\/2024-2_FABER_Zentrale_1230_byAkosBurg_web-15-1024x683.jpg 1024w, https:\/\/fabernet.webpreview.at\/fabergroup\/wp-content\/uploads\/2024\/07\/2024-2_FABER_Zentrale_1230_byAkosBurg_web-15-300x200.jpg 300w, https:\/\/fabernet.webpreview.at\/fabergroup\/wp-content\/uploads\/2024\/07\/2024-2_FABER_Zentrale_1230_byAkosBurg_web-15-768x512.jpg 768w, https:\/\/fabernet.webpreview.at\/fabergroup\/wp-content\/uploads\/2024\/07\/2024-2_FABER_Zentrale_1230_byAkosBurg_web-15-1536x1024.jpg 1536w, https:\/\/fabernet.webpreview.at\/fabergroup\/wp-content\/uploads\/2024\/07\/2024-2_FABER_Zentrale_1230_byAkosBurg_web-15-1200x800.jpg 1200w, https:\/\/fabernet.webpreview.at\/fabergroup\/wp-content\/uploads\/2024\/07\/2024-2_FABER_Zentrale_1230_byAkosBurg_web-15-1980x1320.jpg 1980w, https:\/\/fabernet.webpreview.at\/fabergroup\/wp-content\/uploads\/2024\/07\/2024-2_FABER_Zentrale_1230_byAkosBurg_web-15.jpg 2048w\" sizes=\"auto, (max-width: 1024px) 100vw, 1024px\" \/><\/figure><\/div>\n\n\n\n<div class=\"wp-block-media-text alignwide is-stacked-on-mobile\" style=\"grid-template-columns:40% auto\" id=\"eua\"><figure class=\"wp-block-media-text__media\"><img loading=\"lazy\" decoding=\"async\" width=\"1024\" height=\"683\" src=\"https:\/\/fabernet.webpreview.at\/fabergroup\/wp-content\/uploads\/2024\/07\/2024-4-4_ABGABE_FABER_Store_2_Kunden_Werkstatt_byAkosBurg-16-1024x683.jpg\" alt=\"\" class=\"wp-image-872 size-full\" srcset=\"https:\/\/fabernet.webpreview.at\/fabergroup\/wp-content\/uploads\/2024\/07\/2024-4-4_ABGABE_FABER_Store_2_Kunden_Werkstatt_byAkosBurg-16-1024x683.jpg 1024w, https:\/\/fabernet.webpreview.at\/fabergroup\/wp-content\/uploads\/2024\/07\/2024-4-4_ABGABE_FABER_Store_2_Kunden_Werkstatt_byAkosBurg-16-300x200.jpg 300w, https:\/\/fabernet.webpreview.at\/fabergroup\/wp-content\/uploads\/2024\/07\/2024-4-4_ABGABE_FABER_Store_2_Kunden_Werkstatt_byAkosBurg-16-768x512.jpg 768w, https:\/\/fabernet.webpreview.at\/fabergroup\/wp-content\/uploads\/2024\/07\/2024-4-4_ABGABE_FABER_Store_2_Kunden_Werkstatt_byAkosBurg-16-1536x1024.jpg 1536w, https:\/\/fabernet.webpreview.at\/fabergroup\/wp-content\/uploads\/2024\/07\/2024-4-4_ABGABE_FABER_Store_2_Kunden_Werkstatt_byAkosBurg-16-2048x1366.jpg 2048w, https:\/\/fabernet.webpreview.at\/fabergroup\/wp-content\/uploads\/2024\/07\/2024-4-4_ABGABE_FABER_Store_2_Kunden_Werkstatt_byAkosBurg-16-1200x800.jpg 1200w, https:\/\/fabernet.webpreview.at\/fabergroup\/wp-content\/uploads\/2024\/07\/2024-4-4_ABGABE_FABER_Store_2_Kunden_Werkstatt_byAkosBurg-16-1980x1320.jpg 1980w\" sizes=\"auto, (max-width: 1024px) 100vw, 1024px\" \/><\/figure><div class=\"wp-block-media-text__content\">\n<p id=\"EaA\"><strong>Ersatzteile &amp; Aftersales<\/strong> Die Organisation eines Zentrallagers f\u00fcr Ersatzteile und Original-Zubeh\u00f6r, um das H\u00e4ndlernetz sowie das Kundenservice mit allen Teilen zu garantieren. Das Erf\u00fcllen von Kundenw\u00fcnschen ist eine der zentralen Aufgaben im Aftersales, in die wir viel Zeit und Geld investieren.<\/p>\n<\/div><\/div>\n\n\n\n<div class=\"wp-block-media-text alignwide has-media-on-the-right is-stacked-on-mobile\" style=\"grid-template-columns:auto 40%\" id=\"log\"><div class=\"wp-block-media-text__content\">\n<p id=\"LGST\"><strong>Logistik<\/strong> Als Importeur und Gro\u00dfh\u00e4ndler verf\u00fcgen wir \u00fcber ein umfangreiches Fahrzeug- sowie Ersatzteil- und Zubeh\u00f6rlager und distribuieren unsere Produkte zu \u00fcber 180 H\u00e4ndlern bundesweit sowie in die Tschechische Republik und in die Slowakei.<\/p>\n<\/div><figure class=\"wp-block-media-text__media\"><img loading=\"lazy\" decoding=\"async\" width=\"1024\" height=\"683\" src=\"http:\/\/fabernet.webpreview.at\/fabergroup\/wp-content\/uploads\/2023\/02\/GW-1024x683.jpg\" alt=\"\" class=\"wp-image-479 size-full\" srcset=\"https:\/\/fabernet.webpreview.at\/fabergroup\/wp-content\/uploads\/2023\/02\/GW-1024x683.jpg 1024w, https:\/\/fabernet.webpreview.at\/fabergroup\/wp-content\/uploads\/2023\/02\/GW-300x200.jpg 300w, https:\/\/fabernet.webpreview.at\/fabergroup\/wp-content\/uploads\/2023\/02\/GW-768x512.jpg 768w, https:\/\/fabernet.webpreview.at\/fabergroup\/wp-content\/uploads\/2023\/02\/GW.jpg 1200w\" sizes=\"auto, (max-width: 1024px) 100vw, 1024px\" \/><\/figure><\/div>\n\n\n\n<div class=\"wp-block-media-text alignwide is-stacked-on-mobile\" style=\"grid-template-columns:40% auto\" id=\"tug\"><figure class=\"wp-block-media-text__media\"><img loading=\"lazy\" decoding=\"async\" width=\"1024\" height=\"683\" src=\"http:\/\/fabernet.webpreview.at\/fabergroup\/wp-content\/uploads\/2023\/02\/Juergen-1024x683.jpg\" alt=\"\" class=\"wp-image-481 size-full\" srcset=\"https:\/\/fabernet.webpreview.at\/fabergroup\/wp-content\/uploads\/2023\/02\/Juergen-1024x683.jpg 1024w, https:\/\/fabernet.webpreview.at\/fabergroup\/wp-content\/uploads\/2023\/02\/Juergen-300x200.jpg 300w, https:\/\/fabernet.webpreview.at\/fabergroup\/wp-content\/uploads\/2023\/02\/Juergen-768x512.jpg 768w, https:\/\/fabernet.webpreview.at\/fabergroup\/wp-content\/uploads\/2023\/02\/Juergen.jpg 1200w\" sizes=\"auto, (max-width: 1024px) 100vw, 1024px\" \/><\/figure><div class=\"wp-block-media-text__content\">\n<p id=\"TaG\"><strong>Technik &amp; Garantie<\/strong> Als Generalimporteur unterst\u00fctzen wir unsere Partner im H\u00e4ndlernetz mit technischen Schulungen, technischem Support, einer Hotline sowie Garantieabwicklungen. Gleichzeitig stehen wir in engem Austausch mit der technischen Abteilung der Produzenten.<\/p>\n<\/div><\/div>\n\n\n\n<div class=\"wp-block-media-text alignwide has-media-on-the-right is-stacked-on-mobile\" style=\"grid-template-columns:auto 40%\" id=\"eh\"><div class=\"wp-block-media-text__content\">\n<p id=\"EH\"><strong>Einzelhandel<\/strong> Unsere Roller &amp; Bike Stores in Wien 2 und Wien 23 sind unser station\u00e4rer Handel und unser direktes Service f\u00fcr Konsumenten. Wir f\u00fchren die Marken Vespa, Piaggio, Moto Guzzi sowie Aprilia am Standort Wien 23 und dar\u00fcber hinaus alles, um den italienischen Zweirad-Lifestyle zu genie\u00dfen. Fahrzeuge und Fahrerausstattung, aber auch Freizeitbekleidung und Werkstattleistungen stehen den Kunden aus Wien und Umgebung zur Verf\u00fcgung.<\/p>\n<\/div><figure class=\"wp-block-media-text__media\"><img loading=\"lazy\" decoding=\"async\" width=\"1024\" height=\"683\" src=\"http:\/\/fabernet.webpreview.at\/fabergroup\/wp-content\/uploads\/2023\/02\/ABGABE_SAMMLUNG_FABER_STORE_PORTRAITS_byAKOSBURG-2493-028--1024x683.jpg\" alt=\"\" class=\"wp-image-480 size-full\" srcset=\"https:\/\/fabernet.webpreview.at\/fabergroup\/wp-content\/uploads\/2023\/02\/ABGABE_SAMMLUNG_FABER_STORE_PORTRAITS_byAKOSBURG-2493-028--1024x683.jpg 1024w, https:\/\/fabernet.webpreview.at\/fabergroup\/wp-content\/uploads\/2023\/02\/ABGABE_SAMMLUNG_FABER_STORE_PORTRAITS_byAKOSBURG-2493-028--300x200.jpg 300w, https:\/\/fabernet.webpreview.at\/fabergroup\/wp-content\/uploads\/2023\/02\/ABGABE_SAMMLUNG_FABER_STORE_PORTRAITS_byAKOSBURG-2493-028--768x512.jpg 768w, https:\/\/fabernet.webpreview.at\/fabergroup\/wp-content\/uploads\/2023\/02\/ABGABE_SAMMLUNG_FABER_STORE_PORTRAITS_byAKOSBURG-2493-028-.jpg 1200w\" sizes=\"auto, (max-width: 1024px) 100vw, 1024px\" \/><\/figure><\/div>\n\n\n\n<div class=\"wp-block-media-text alignwide is-stacked-on-mobile\" style=\"grid-template-columns:40% auto\" id=\"zrfp\"><figure class=\"wp-block-media-text__media\"><img loading=\"lazy\" decoding=\"async\" width=\"1024\" height=\"731\" src=\"https:\/\/fabernet.webpreview.at\/fabergroup\/wp-content\/uploads\/2024\/07\/2021_01_Piaggio_Mymoover_3-4AntSX_grigio-1024x731.jpg\" alt=\"\" class=\"wp-image-1250 size-full\" srcset=\"https:\/\/fabernet.webpreview.at\/fabergroup\/wp-content\/uploads\/2024\/07\/2021_01_Piaggio_Mymoover_3-4AntSX_grigio-1024x731.jpg 1024w, https:\/\/fabernet.webpreview.at\/fabergroup\/wp-content\/uploads\/2024\/07\/2021_01_Piaggio_Mymoover_3-4AntSX_grigio-300x214.jpg 300w, https:\/\/fabernet.webpreview.at\/fabergroup\/wp-content\/uploads\/2024\/07\/2021_01_Piaggio_Mymoover_3-4AntSX_grigio-768x549.jpg 768w, https:\/\/fabernet.webpreview.at\/fabergroup\/wp-content\/uploads\/2024\/07\/2021_01_Piaggio_Mymoover_3-4AntSX_grigio-1536x1097.jpg 1536w, https:\/\/fabernet.webpreview.at\/fabergroup\/wp-content\/uploads\/2024\/07\/2021_01_Piaggio_Mymoover_3-4AntSX_grigio-2048x1463.jpg 2048w\" sizes=\"auto, (max-width: 1024px) 100vw, 1024px\" \/><\/figure><div class=\"wp-block-media-text__content\">\n<p id=\"ZRFP\"><strong>Zweirad-Fuhrpark<\/strong> Die praktischen Fahrzeuge von Piaggio f\u00fcr den Transport- und Logistik-Bereich sind eine ideale L\u00f6sung f\u00fcr die \u201eLast Mile\u201c oder die kurzen Wege. Rasch am Stau vorbei, das Parken ohne Parkgeb\u00fchr in den kleinsten L\u00fccken und schnelle Direktlieferung &#8211; das sind nur einige Vorteile. Serviceleistungen von Installateuren, Elektrikern, Hausservice etc. k\u00f6nnen ebenfalls rasch auf bei Zufahrt in die engsten Gassen durchgef\u00fchrt werden. <strong><a href=\"https:\/\/fabernet.webpreview.at\/fabergroup\/zweirad-fuhrpark\/\">HIER MEHR ERFAHREN.<\/a><\/strong><\/p>\n<\/div><\/div>\n\n\n\n<p><\/p>\n\n\n\n<div style=\"height:140px\" aria-hidden=\"true\" class=\"wp-block-spacer\"><\/div>\n","protected":false},"excerpt":{"rendered":"<p>Faber ist Ihr umfassender Partner in der Welt der Zweir\u00e4der. Als erfahrener Importeur und Gro\u00dfh\u00e4ndler bieten wir ein breites Spektrum an Leistungen \u2013 von der Distribution verschiedener Marken bis hin zu einem umfangreichen Sortiment an Zubeh\u00f6r. Unsere Expertise erstreckt sich \u00fcber Ersatzteile, Aftersales-Services mit technischem Support, Garantieabwicklung, Verkaufsunterst\u00fctzung und logistische [&hellip;]<\/p>\n","protected":false},"author":1,"featured_media":1648,"parent":0,"menu_order":0,"comment_status":"closed","ping_status":"closed","template":"","meta":{"footnotes":""},"class_list":["post-45","page","type-page","status-publish","has-post-thumbnail","hentry"],"_links":{"self":[{"href":"https:\/\/fabernet.webpreview.at\/fabergroup\/wp-json\/wp\/v2\/pages\/45","targetHints":{"allow":["GET"]}}],"collection":[{"href":"https:\/\/fabernet.webpreview.at\/fabergroup\/wp-json\/wp\/v2\/pages"}],"about":[{"href":"https:\/\/fabernet.webpreview.at\/fabergroup\/wp-json\/wp\/v2\/types\/page"}],"author":[{"embeddable":true,"href":"https:\/\/fabernet.webpreview.at\/fabergroup\/wp-json\/wp\/v2\/users\/1"}],"replies":[{"embeddable":true,"href":"https:\/\/fabernet.webpreview.at\/fabergroup\/wp-json\/wp\/v2\/comments?post=45"}],"version-history":[{"count":58,"href":"https:\/\/fabernet.webpreview.at\/fabergroup\/wp-json\/wp\/v2\/pages\/45\/revisions"}],"predecessor-version":[{"id":1589,"href":"https:\/\/fabernet.webpreview.at\/fabergroup\/wp-json\/wp\/v2\/pages\/45\/revisions\/1589"}],"wp:featuredmedia":[{"embeddable":true,"href":"https:\/\/fabernet.webpreview.at\/fabergroup\/wp-json\/wp\/v2\/media\/1648"}],"wp:attachment":[{"href":"https:\/\/fabernet.webpreview.at\/fabergroup\/wp-json\/wp\/v2\/media?parent=45"}],"curies":[{"name":"wp","href":"https:\/\/api.w.org\/{rel}","templated":true}]}}