{"id":20,"date":"2022-04-21T11:47:04","date_gmt":"2022-04-21T09:47:04","guid":{"rendered":"http:\/\/fabernet.webpreview.at\/fabergroup\/?page_id=20"},"modified":"2024-08-29T13:30:01","modified_gmt":"2024-08-29T11:30:01","slug":"ueber-uns","status":"publish","type":"page","link":"https:\/\/fabernet.webpreview.at\/fabergroup\/ueber-uns\/","title":{"rendered":"ORGANISATION"},"content":{"rendered":"<!-- VideographyWP Plugin Message: Automatic video embedding prevented by plugin options. -->\n\n<figure class=\"wp-block-image size-large\"><img loading=\"lazy\" decoding=\"async\" width=\"1024\" height=\"683\" src=\"https:\/\/fabernet.webpreview.at\/fabergroup\/wp-content\/uploads\/2024\/08\/Takeshi_69-1024x683.jpg\" alt=\"\" class=\"wp-image-1624\" srcset=\"https:\/\/fabernet.webpreview.at\/fabergroup\/wp-content\/uploads\/2024\/08\/Takeshi_69-1024x683.jpg 1024w, https:\/\/fabernet.webpreview.at\/fabergroup\/wp-content\/uploads\/2024\/08\/Takeshi_69-300x200.jpg 300w, https:\/\/fabernet.webpreview.at\/fabergroup\/wp-content\/uploads\/2024\/08\/Takeshi_69-768x512.jpg 768w, https:\/\/fabernet.webpreview.at\/fabergroup\/wp-content\/uploads\/2024\/08\/Takeshi_69-1536x1024.jpg 1536w, https:\/\/fabernet.webpreview.at\/fabergroup\/wp-content\/uploads\/2024\/08\/Takeshi_69-2048x1365.jpg 2048w, https:\/\/fabernet.webpreview.at\/fabergroup\/wp-content\/uploads\/2024\/08\/Takeshi_69-360x240.jpg 360w\" sizes=\"auto, (max-width: 1024px) 100vw, 1024px\" \/><\/figure>\n\n\n\n<div style=\"height:100px\" aria-hidden=\"true\" id=\"group\" class=\"wp-block-spacer\"><\/div>\n\n\n\n<div class=\"wp-block-media-text alignwide is-stacked-on-mobile is-vertically-aligned-top\" style=\"grid-template-columns:15% auto\"><figure class=\"wp-block-media-text__media\"><img loading=\"lazy\" decoding=\"async\" width=\"1024\" height=\"337\" src=\"https:\/\/fabernet.webpreview.at\/fabergroup\/wp-content\/uploads\/2024\/07\/Faber_Group_2023-1024x337.png\" alt=\"\" class=\"wp-image-1111 size-large\" srcset=\"https:\/\/fabernet.webpreview.at\/fabergroup\/wp-content\/uploads\/2024\/07\/Faber_Group_2023-1024x337.png 1024w, https:\/\/fabernet.webpreview.at\/fabergroup\/wp-content\/uploads\/2024\/07\/Faber_Group_2023-300x99.png 300w, https:\/\/fabernet.webpreview.at\/fabergroup\/wp-content\/uploads\/2024\/07\/Faber_Group_2023-768x253.png 768w, https:\/\/fabernet.webpreview.at\/fabergroup\/wp-content\/uploads\/2024\/07\/Faber_Group_2023-1536x506.png 1536w, https:\/\/fabernet.webpreview.at\/fabergroup\/wp-content\/uploads\/2024\/07\/Faber_Group_2023-2048x674.png 2048w\" sizes=\"auto, (max-width: 1024px) 100vw, 1024px\" \/><\/figure><div class=\"wp-block-media-text__content\">\n<p>In mehr als 75 Jahren Marktpr\u00e4senz hat sich Faber von einem aufstrebenden Wiener Zweiradshop zu einem renommierten Importeur entwickelt und ist heute ein unverzichtbarer Bestandteil der \u00f6sterreichischen Zweiradbranche. Schon seit der Gr\u00fcndung im Jahr 1948 ist das Unternehmen von unserer Faszination f\u00fcr Zweir\u00e4der gepr\u00e4gt \u2013 ein Enthusiasmus, den unser Firmengr\u00fcnder entfacht hat, der selbst sehr erfolgreich an Motorradrennen teilgenommen hat.<\/p>\n\n\n\n<p>Faber verk\u00f6rpert heute nicht nur Tradition und eine jahrzehntelange Erfolgsgeschichte, sondern auch eine tiefe Verbundenheit zur &#8220;Faszination Zweirad&#8221;. Diese Leidenschaft und der klare Anspruch an Qualit\u00e4t und das Streben nach Lebensfreude, Freiheit und Lebensqualit\u00e4t durch Zweir\u00e4der treibt uns an. In der DNA von Faber spiegelt sich auch die italienische Lebensfreude wider, die durch jedes Motorrad und jeden Roller vermittelt wird.<\/p>\n\n\n\n<p>Die Marke Faber steht nicht nur f\u00fcr erstklassige Produkte, sondern f\u00fcr ein Lebensgef\u00fchl. Die Freiheit und die besondere Lebensqualit\u00e4t, die Zweir\u00e4der erm\u00f6glichen, werden bei Faber nicht nur gehandelt und verkauft, sondern erlebt und geteilt. Bei Faber vereinen sich Tradition und Moderne, um unseren Kund:innen einzigartige und unvergessliche Zweiraderlebnisse zu bieten. Willkommen bei Faber, wo die Faszination f\u00fcr Zweir\u00e4der seit 75 Jahren lebendig ist.<\/p>\n\n\n\n<p><\/p>\n<\/div><\/div>\n\n\n\n<div style=\"height:100px\" aria-hidden=\"true\" class=\"wp-block-spacer\"><\/div>\n\n\n\n<div class=\"wp-block-media-text alignfull is-stacked-on-mobile\" style=\"grid-template-columns:30% auto\" id=\"gmbh\"><figure class=\"wp-block-media-text__media\"><img loading=\"lazy\" decoding=\"async\" width=\"1024\" height=\"683\" src=\"https:\/\/fabernet.webpreview.at\/fabergroup\/wp-content\/uploads\/2024\/07\/2024-2_FABER_Zentrale_1230_byAkosBurg_web-5-1024x683.jpg\" alt=\"\" class=\"wp-image-878 size-full\" srcset=\"https:\/\/fabernet.webpreview.at\/fabergroup\/wp-content\/uploads\/2024\/07\/2024-2_FABER_Zentrale_1230_byAkosBurg_web-5-1024x683.jpg 1024w, https:\/\/fabernet.webpreview.at\/fabergroup\/wp-content\/uploads\/2024\/07\/2024-2_FABER_Zentrale_1230_byAkosBurg_web-5-300x200.jpg 300w, https:\/\/fabernet.webpreview.at\/fabergroup\/wp-content\/uploads\/2024\/07\/2024-2_FABER_Zentrale_1230_byAkosBurg_web-5-768x512.jpg 768w, https:\/\/fabernet.webpreview.at\/fabergroup\/wp-content\/uploads\/2024\/07\/2024-2_FABER_Zentrale_1230_byAkosBurg_web-5-1536x1024.jpg 1536w, https:\/\/fabernet.webpreview.at\/fabergroup\/wp-content\/uploads\/2024\/07\/2024-2_FABER_Zentrale_1230_byAkosBurg_web-5-1200x800.jpg 1200w, https:\/\/fabernet.webpreview.at\/fabergroup\/wp-content\/uploads\/2024\/07\/2024-2_FABER_Zentrale_1230_byAkosBurg_web-5-1980x1320.jpg 1980w, https:\/\/fabernet.webpreview.at\/fabergroup\/wp-content\/uploads\/2024\/07\/2024-2_FABER_Zentrale_1230_byAkosBurg_web-5.jpg 2048w\" sizes=\"auto, (max-width: 1024px) 100vw, 1024px\" \/><\/figure><div class=\"wp-block-media-text__content\">\n<p><strong>ZAHLEN &amp; FAKTEN<\/strong><\/p>\n\n\n\n<p>\u2605 <strong>Mitarbeiter:<\/strong> 38 Import, 39 Einzelhandel<br>\u2605 250 H\u00e4ndler in \u00d6, CZ und SK als Vertriebspartner f\u00fcr Zweir\u00e4der und Zubeh\u00f6r<br>\u2605 <strong>Umsatz (Import):<\/strong> \u20ac 62,9 Mio.<br>\u2605 <strong>Umsatz (Einzelhandel):<\/strong> \u20ac 12,3 Mio.<br>\u2605 <strong>Marktanteil im Zweiradsegment: <\/strong>AT 21,5% | CZ 9,5% | SK 7,1%<br>\u2605 <strong>Marktanteil im Rollersegment:<\/strong> AT 56,7% | CZ 18,4% | SK 13,3%<br>\u2605 <strong>Neuzulassungen<\/strong> 2023 insgesamt 13.036 (AT, CZ, SK)<\/p>\n<\/div><\/div>\n\n\n\n<div style=\"height:96px\" aria-hidden=\"true\" class=\"wp-block-spacer\"><\/div>\n\n\n\n<div class=\"wp-block-media-text alignwide is-stacked-on-mobile\" style=\"grid-template-columns:15% auto\"><figure class=\"wp-block-media-text__media\"><img loading=\"lazy\" decoding=\"async\" width=\"1024\" height=\"353\" src=\"https:\/\/fabernet.webpreview.at\/fabergroup\/wp-content\/uploads\/2024\/08\/Faber_Logo_Holding-1024x353.png\" alt=\"\" class=\"wp-image-1385 size-full\" srcset=\"https:\/\/fabernet.webpreview.at\/fabergroup\/wp-content\/uploads\/2024\/08\/Faber_Logo_Holding-1024x353.png 1024w, https:\/\/fabernet.webpreview.at\/fabergroup\/wp-content\/uploads\/2024\/08\/Faber_Logo_Holding-300x103.png 300w, https:\/\/fabernet.webpreview.at\/fabergroup\/wp-content\/uploads\/2024\/08\/Faber_Logo_Holding-768x265.png 768w, https:\/\/fabernet.webpreview.at\/fabergroup\/wp-content\/uploads\/2024\/08\/Faber_Logo_Holding-1536x529.png 1536w, https:\/\/fabernet.webpreview.at\/fabergroup\/wp-content\/uploads\/2024\/08\/Faber_Logo_Holding-2048x706.png 2048w\" sizes=\"auto, (max-width: 1024px) 100vw, 1024px\" \/><\/figure><div class=\"wp-block-media-text__content\">\n<p>Als Muttergesellschaft aller operativen Gesellschaften beinhaltet die Faber Holding die Verwaltungsaufgaben. Die Verwaltung, das Finanzwesen, die Buchhaltung, die IT, Human Ressource sowie das Marketing sind in der Holding eingegliedert und servicieren so alle Bereiche des Unternehmens<\/p>\n<\/div><\/div>\n\n\n\n<div style=\"height:100px\" aria-hidden=\"true\" class=\"wp-block-spacer\"><\/div>\n\n\n\n<div class=\"wp-block-media-text alignwide is-stacked-on-mobile is-vertically-aligned-top\" style=\"grid-template-columns:15% auto\"><figure class=\"wp-block-media-text__media\"><img loading=\"lazy\" decoding=\"async\" width=\"1024\" height=\"337\" src=\"https:\/\/fabernet.webpreview.at\/fabergroup\/wp-content\/uploads\/2024\/07\/Faber_FZ_2023-1024x337.png\" alt=\"\" class=\"wp-image-1112 size-full\" srcset=\"https:\/\/fabernet.webpreview.at\/fabergroup\/wp-content\/uploads\/2024\/07\/Faber_FZ_2023-1024x337.png 1024w, https:\/\/fabernet.webpreview.at\/fabergroup\/wp-content\/uploads\/2024\/07\/Faber_FZ_2023-300x99.png 300w, https:\/\/fabernet.webpreview.at\/fabergroup\/wp-content\/uploads\/2024\/07\/Faber_FZ_2023-768x253.png 768w, https:\/\/fabernet.webpreview.at\/fabergroup\/wp-content\/uploads\/2024\/07\/Faber_FZ_2023-1536x506.png 1536w, https:\/\/fabernet.webpreview.at\/fabergroup\/wp-content\/uploads\/2024\/07\/Faber_FZ_2023-2048x674.png 2048w\" sizes=\"auto, (max-width: 1024px) 100vw, 1024px\" \/><\/figure><div class=\"wp-block-media-text__content\">\n<p>Als \u00f6sterreichischer Generalimporteur der Marken der Piaggio Gruppe konnte die Faber GmbH ihre Rolle als <strong><a href=\"http:\/\/fabernet.webpreview.at\/fabergroup\/geschichte\/\">heimischer Marktgestalter in mehr als 75 Jahren<\/a><\/strong> behaupten. Mit den Top-Marken Piaggio, Vespa, Moto Guzzi und Aprilia (nur in CZ und SK) vertritt Faber drei gro\u00dfe Zweiradmarken und h\u00e4lt damit etwa 21,5% Marktanteil im Zweiradmarkt gesamt und rund 57% im Rollersegment.<\/p>\n\n\n\n<p>Mit rund 180 Partnern im motorisierten Zweirad-Fachhandel deckt Faber den gesamten \u00f6sterreichischen Markt ab. Rund 12.000 Zweir\u00e4der verkauft das Unternehmen j\u00e4hrlich, seit der \u00dcbernahme der ersten Piaggio-Generalvertretung 1964 wurden bereits \u00fcber 200.000 der bekannten Zweir\u00e4der vermarktet.<\/p>\n\n\n\n<p>Mit der Expansion in die Tschechische Republik im Jahr 2017 wurde die Faber Moto s.r.o. als Tochtergesellschaft gegr\u00fcndet. Sie fungiert seither als Generalimporteur der Marken Vespa, Piaggio, Moto Guzzi und Aprilia. 2021 folgte die Gr\u00fcndung der Faber Moto SK s.r.o. f\u00fcr den Generalimport der Fahrzeuge der Piaggio Group in die Slowakei.<\/p>\n\n\n\n<h3 class=\"wp-block-heading\">Firmen-Flotte<\/h3>\n\n\n\n<p>Die Faber GmbH positioniert sich neben dem Kerngesch\u00e4ft seit mehreren Jahren auch erfolgreich als verl\u00e4sslicher und innovativer Ansprechpartner f\u00fcr den <strong><a href=\"https:\/\/fabernet.webpreview.at\/fabergroup\/zweirad-fuhrpark\/\">Fuhrpark-Service<\/a><\/strong>. Die Vorteile von Zweir\u00e4dern als Alternativ- oder Erg\u00e4nzungsfahrzeuge eines Fuhrparks im Zustellbereich, im Werksverkehr oder im Mitarbeiter-Fuhrpark liegen klar auf der Hand: deutlich niedrigere Kosten in der Beschaffung, Wendigkeit, Schnelligkeit, die Befreiung von Parkgeb\u00fchren und nat\u00fcrlich auch der Spa\u00dffaktor f\u00fcr die Benutzerinnen und Benutzer.&nbsp;Hinzu kommt, dass Zweir\u00e4der weniger CO2 Aussto\u00df haben und somit auch die Umwelt weniger belasten.<\/p>\n<\/div><\/div>\n\n\n\n<div style=\"height:100px\" aria-hidden=\"true\" id=\"sro\" class=\"wp-block-spacer\"><\/div>\n\n\n\n<p><\/p>\n\n\n\n<div class=\"wp-block-media-text alignwide is-stacked-on-mobile is-vertically-aligned-top\" style=\"grid-template-columns:15% auto\"><figure class=\"wp-block-media-text__media\"><img loading=\"lazy\" decoding=\"async\" width=\"1024\" height=\"337\" src=\"https:\/\/fabernet.webpreview.at\/fabergroup\/wp-content\/uploads\/2024\/07\/Faber_RB_2023-1024x337.png\" alt=\"\" class=\"wp-image-1117 size-full\" srcset=\"https:\/\/fabernet.webpreview.at\/fabergroup\/wp-content\/uploads\/2024\/07\/Faber_RB_2023-1024x337.png 1024w, https:\/\/fabernet.webpreview.at\/fabergroup\/wp-content\/uploads\/2024\/07\/Faber_RB_2023-300x99.png 300w, https:\/\/fabernet.webpreview.at\/fabergroup\/wp-content\/uploads\/2024\/07\/Faber_RB_2023-768x253.png 768w, https:\/\/fabernet.webpreview.at\/fabergroup\/wp-content\/uploads\/2024\/07\/Faber_RB_2023-1536x505.png 1536w, https:\/\/fabernet.webpreview.at\/fabergroup\/wp-content\/uploads\/2024\/07\/Faber_RB_2023-2048x674.png 2048w\" sizes=\"auto, (max-width: 1024px) 100vw, 1024px\" \/><\/figure><div class=\"wp-block-media-text__content\">\n<p>Zwei Standorte in Wien k\u00fcmmern sich um die Zweirad-Enthusiasten in der Bundeshauptstadt und Umgebung.<\/p>\n\n\n\n<p>In Wien 23. bietet die Faber KFZ-Vertriebs GmbH seit der Saison 2024 auf knapp 1000m<sup>2<\/sup>&nbsp;in der FABER HALL, dem neuen Premium-Standort den passionierten Zweiradfahrern alles, was das italophile Herz begehrt. Verkauf und Service der Marken Vespa, Piaggio, Moto Guzzi sowie hochwertiges Zubeh\u00f6r f\u00fcr Fahrzeug und Fahrer geh\u00f6ren zum Angebot.<\/p>\n\n\n\n<p>Bereits im Mai 2020 er\u00f6ffnete die Faber KfZ-Vertriebs GmbH nach umfangreichem Umbau der R\u00e4umlichkeiten einen Flagshipstore in der Praterstra\u00dfe 47 in Wien 2.<\/p>\n\n\n\n<p>In modernem, stilvollen Ambiente pr\u00e4sentieren sich die Zweiradmarken Vespa, Piaggio und Moto Guzzi in voller Pracht. Der City Store bietet Fahrzeugverkauf, Merchandising und Zubeh\u00f6r sowie Werkst\u00e4ttenbetrieb f\u00fcr kleine Reparaturen und Services an.<\/p>\n<\/div><\/div>\n\n\n\n<div style=\"height:100px\" aria-hidden=\"true\" id=\"ecom\" class=\"wp-block-spacer\"><\/div>\n\n\n\n<div class=\"wp-block-media-text alignwide is-stacked-on-mobile is-vertically-aligned-top\" style=\"grid-template-columns:15% auto\" id=\"ecom\"><figure class=\"wp-block-media-text__media\"><img loading=\"lazy\" decoding=\"async\" width=\"1024\" height=\"254\" src=\"https:\/\/fabernet.webpreview.at\/fabergroup\/wp-content\/uploads\/2024\/07\/Faber_Clean_2024-1024x254.png\" alt=\"\" class=\"wp-image-1123 size-full\" srcset=\"https:\/\/fabernet.webpreview.at\/fabergroup\/wp-content\/uploads\/2024\/07\/Faber_Clean_2024-1024x254.png 1024w, https:\/\/fabernet.webpreview.at\/fabergroup\/wp-content\/uploads\/2024\/07\/Faber_Clean_2024-300x75.png 300w, https:\/\/fabernet.webpreview.at\/fabergroup\/wp-content\/uploads\/2024\/07\/Faber_Clean_2024-768x191.png 768w, https:\/\/fabernet.webpreview.at\/fabergroup\/wp-content\/uploads\/2024\/07\/Faber_Clean_2024-1536x381.png 1536w, https:\/\/fabernet.webpreview.at\/fabergroup\/wp-content\/uploads\/2024\/07\/Faber_Clean_2024-2048x509.png 2048w\" sizes=\"auto, (max-width: 1024px) 100vw, 1024px\" \/><\/figure><div class=\"wp-block-media-text__content\">\n<p>Die Faber Ecom GmbH ist der j\u00fcngste Bereich der Faber Group. Um unsere Stellung am B2C-Markt zu st\u00e4rken, wurde sie gegr\u00fcndet. Ziel ist es die italophilen Zweiradkkunden rundum zu servicieren. <\/p>\n\n\n\n<p>Neben dem station\u00e4ren Handel wird dem Konsumenten hier in Zukunft eine 24\/7 Einkaufm\u00f6glichkeit geboten. Bequem von Zuhause das Sortiment zu durchst\u00f6bern und mit ein paar Clicks die gew\u00e4hlte Ware direkt vor die T\u00fcr geliefert zu bekommen. Mit Zweiradzubeh\u00f6r, Ersatzteile, Merchandising und Bekleidung, sowie Fahrer-Austattung wird der Zweirad-Kundschaft ein umfangreiches Sortiment geboten.<\/p>\n<\/div><\/div>\n\n\n\n<div style=\"height:163px\" aria-hidden=\"true\" class=\"wp-block-spacer\"><\/div>\n\n\n\n<div style=\"height:40px\" aria-hidden=\"true\" class=\"wp-block-spacer\"><\/div>\n","protected":false},"excerpt":{"rendered":"<p>In mehr als 75 Jahren Marktpr\u00e4senz hat sich Faber von einem aufstrebenden Wiener Zweiradshop zu einem renommierten Importeur entwickelt und ist heute ein unverzichtbarer Bestandteil der \u00f6sterreichischen Zweiradbranche. Schon seit der Gr\u00fcndung im Jahr 1948 ist das Unternehmen von unserer Faszination f\u00fcr Zweir\u00e4der gepr\u00e4gt \u2013 ein Enthusiasmus, den unser Firmengr\u00fcnder [&hellip;]<\/p>\n","protected":false},"author":1,"featured_media":1651,"parent":0,"menu_order":0,"comment_status":"closed","ping_status":"closed","template":"","meta":{"footnotes":""},"class_list":["post-20","page","type-page","status-publish","has-post-thumbnail","hentry"],"_links":{"self":[{"href":"https:\/\/fabernet.webpreview.at\/fabergroup\/wp-json\/wp\/v2\/pages\/20","targetHints":{"allow":["GET"]}}],"collection":[{"href":"https:\/\/fabernet.webpreview.at\/fabergroup\/wp-json\/wp\/v2\/pages"}],"about":[{"href":"https:\/\/fabernet.webpreview.at\/fabergroup\/wp-json\/wp\/v2\/types\/page"}],"author":[{"embeddable":true,"href":"https:\/\/fabernet.webpreview.at\/fabergroup\/wp-json\/wp\/v2\/users\/1"}],"replies":[{"embeddable":true,"href":"https:\/\/fabernet.webpreview.at\/fabergroup\/wp-json\/wp\/v2\/comments?post=20"}],"version-history":[{"count":140,"href":"https:\/\/fabernet.webpreview.at\/fabergroup\/wp-json\/wp\/v2\/pages\/20\/revisions"}],"predecessor-version":[{"id":1628,"href":"https:\/\/fabernet.webpreview.at\/fabergroup\/wp-json\/wp\/v2\/pages\/20\/revisions\/1628"}],"wp:featuredmedia":[{"embeddable":true,"href":"https:\/\/fabernet.webpreview.at\/fabergroup\/wp-json\/wp\/v2\/media\/1651"}],"wp:attachment":[{"href":"https:\/\/fabernet.webpreview.at\/fabergroup\/wp-json\/wp\/v2\/media?parent=20"}],"curies":[{"name":"wp","href":"https:\/\/api.w.org\/{rel}","templated":true}]}}