{"id":172,"date":"2022-04-25T09:39:11","date_gmt":"2022-04-25T07:39:11","guid":{"rendered":"http:\/\/fabernet.webpreview.at\/fabergroup\/?page_id=172"},"modified":"2022-10-05T14:07:17","modified_gmt":"2022-10-05T12:07:17","slug":"genderhinweis","status":"publish","type":"page","link":"https:\/\/fabernet.webpreview.at\/fabergroup\/genderhinweis\/","title":{"rendered":"Genderhinweis"},"content":{"rendered":"<!-- VideographyWP Plugin Message: Automatic video embedding prevented by plugin options. -->\n\n<p class=\"has-subtle-background-background-color has-background\">Bitte beachten Sie die folgenden Hinweise zur Benutzung der Website von&nbsp;<strong>FABER GROUP<\/strong><\/p>\n\n\n\n<p class=\"has-subtle-background-background-color has-background\">Auch wenn im Text nicht explizit ausgeschrieben, beziehen sich alle personenbezogenen Formulierungen auf weibliche und m\u00e4nnliche Personen.<\/p>\n\n\n\n<p class=\"has-subtle-background-background-color has-background\">Diese Website wurde unter Ber\u00fccksichtigung des Wissens und Verst\u00e4ndnisses \u00fcber die Art und Weise, wie unterschiedliche Menschen auf Internet-Inhalte zugreifen, und unter bestm\u00f6glicher Einhaltung der WCAG 2.0 Richtlinien Level A erstellt. Sollte diese Website in irgendeiner Hinsicht nicht standardgem\u00e4\u00df, barrierefrei sein oder Sie mit der Bedienung nicht zurechtkommen, kontaktieren Sie uns bitte:&nbsp;<a href=\"https:\/\/www.faber-group.at\/de\/Kontakt.htm\">Kontakt<\/a>. Wir sind bem\u00fcht Ihren Bed\u00fcrfnissen bestm\u00f6glich nachzukommen.<\/p>\n\n\n\n<p class=\"has-subtle-background-background-color has-background\">S\u00e4mtliche Informationen, Dokumente, Materialien und Services werden im gegenw\u00e4rtigen Zustand ohne jegliche Gew\u00e4hrleistung zur Verf\u00fcgung gestellt. Der Betreiber lehnt jegliche Gew\u00e4hrleistungen, sowohl ausdr\u00fccklicher als auch stillschweigender Art, einschlie\u00dflich, aber nicht begrenzt auf alle stillschweigenden Gew\u00e4hrleistungen im Hinblick auf Marktg\u00e4ngigkeit und der Eignung f\u00fcr einen bestimmten Zweck ab. Der Betreiber und deren Mitarbeiter haften in keinem Fall f\u00fcr besondere, mittelbare oder Folgesch\u00e4den bzw. f\u00fcr Sch\u00e4den wegen Verlust der Verantwortungsf\u00e4higkeit, Datenverlust oder entgangenen Gewinn, die aufgrund oder in Verbindung mit den Dokumenten den Materialien, den Publikationen oder den Informationen auf der Website entstehen, unabh\u00e4ngig davon, ob dies aufgrund eines Vertrages, aufgrund von Fahrl\u00e4ssigkeit oder aufgrund einer unerlaubten Handlung geschieht.<\/p>\n\n\n\n<p class=\"has-subtle-background-background-color has-background\">Sofern nicht ausdr\u00fccklich anders angegeben, liegt das gesamte Risiko im Hinblick auf die Eignung und die Richtigkeit der Informationen auf der Website und in den Materialien, Publikationen und Dokumenten, bei den Benutzern. Es ist nicht auszuschlie\u00dfen, dass die Website, die Materialien, die Publikationen sowie die Dokumente technische Ungenauigkeiten und typografische Fehler enthalten. Der Betreiber haftet nicht f\u00fcr derartige Ungenauigkeiten, Fehler oder Auslassungen auf der Website, in den Materialien, den Publikationen, sowie in jeglichen damit zusammenh\u00e4ngenden Dokumenten.<\/p>\n\n\n\n<p class=\"has-subtle-background-background-color has-background\">Der Betreiber beh\u00e4lt sich das Recht vor, an der Website, den Informationen, den Dokumenten, den Publikationen, den Preisen, den technischen Daten, der Produktpalette und an jeglicher anderer Art von Informationen oder Materialien auf der Website jederzeit und ohne Vorank\u00fcndigung \u00c4nderungen vorzunehmen.<\/p>\n\n\n\n<p class=\"has-subtle-background-background-color has-background\">Die Website enth\u00e4lt Links zu Seiten von Drittparteien, die nicht unter der Kontrolle des Betreibers stehen und der Betreiber ist weder f\u00fcr die Inhalte auf diesen Seiten, noch f\u00fcr die auf diesen Seiten befindlichen Links oder f\u00fcr jegliche \u00c4nderungen oder Updates auf diesen Seiten verantwortlich. Der Betreiber stellt diese Links nur aus Gr\u00fcnden der Benutzerfreundlichkeit bereit. Die Tatsache, dass diese Links auf der Website des Betreibers erscheinen, bedeutet nicht, dass der Betreiber den Inhalt dieser Drittanbieter-Seiten empfiehlt oder Verantwortung daf\u00fcr \u00fcbernimmt.<\/p>\n\n\n\n<p class=\"has-subtle-background-background-color has-background\">Sofern nicht ausdr\u00fccklich anders angegeben, ist es untersagt, den f\u00fcr den Aufbau dieser Website verwendeten Softwarecode (HTML, JAVASCRIPT, JAVA, PHP, etc.) oder die auf dieser Website ver\u00f6ffentlichten Inhalte und Informationen (Texte, Bildmaterialien, Animationen, Demos, etc.) kommerziell oder nichtkommerziell zu verwerten, diese zu vervielf\u00e4ltigen, zu verbreiten, zu vermieten, zu verleihen oder Dritten auf sonstige Weise zug\u00e4nglich zu machen, auch nicht auszugsweise.<\/p>\n","protected":false},"excerpt":{"rendered":"<p>Bitte beachten Sie die folgenden Hinweise zur Benutzung der Website von&nbsp;FABER GROUP Auch wenn im Text nicht explizit ausgeschrieben, beziehen sich alle personenbezogenen Formulierungen auf weibliche und m\u00e4nnliche Personen. Diese Website wurde unter Ber\u00fccksichtigung des Wissens und Verst\u00e4ndnisses \u00fcber die Art und Weise, wie unterschiedliche Menschen auf Internet-Inhalte zugreifen, und [&hellip;]<\/p>\n","protected":false},"author":1,"featured_media":0,"parent":0,"menu_order":0,"comment_status":"closed","ping_status":"closed","template":"","meta":{"footnotes":""},"class_list":["post-172","page","type-page","status-publish","hentry"],"_links":{"self":[{"href":"https:\/\/fabernet.webpreview.at\/fabergroup\/wp-json\/wp\/v2\/pages\/172","targetHints":{"allow":["GET"]}}],"collection":[{"href":"https:\/\/fabernet.webpreview.at\/fabergroup\/wp-json\/wp\/v2\/pages"}],"about":[{"href":"https:\/\/fabernet.webpreview.at\/fabergroup\/wp-json\/wp\/v2\/types\/page"}],"author":[{"embeddable":true,"href":"https:\/\/fabernet.webpreview.at\/fabergroup\/wp-json\/wp\/v2\/users\/1"}],"replies":[{"embeddable":true,"href":"https:\/\/fabernet.webpreview.at\/fabergroup\/wp-json\/wp\/v2\/comments?post=172"}],"version-history":[{"count":2,"href":"https:\/\/fabernet.webpreview.at\/fabergroup\/wp-json\/wp\/v2\/pages\/172\/revisions"}],"predecessor-version":[{"id":325,"href":"https:\/\/fabernet.webpreview.at\/fabergroup\/wp-json\/wp\/v2\/pages\/172\/revisions\/325"}],"wp:attachment":[{"href":"https:\/\/fabernet.webpreview.at\/fabergroup\/wp-json\/wp\/v2\/media?parent=172"}],"curies":[{"name":"wp","href":"https:\/\/api.w.org\/{rel}","templated":true}]}}