{"id":1510,"date":"2024-08-08T10:22:48","date_gmt":"2024-08-08T08:22:48","guid":{"rendered":"https:\/\/fabernet.webpreview.at\/fabergroup\/?page_id=1510"},"modified":"2024-09-18T14:55:09","modified_gmt":"2024-09-18T12:55:09","slug":"contact","status":"publish","type":"page","link":"https:\/\/fabernet.webpreview.at\/fabergroup\/en\/contact\/","title":{"rendered":"CONTACT"},"content":{"rendered":"<!-- VideographyWP Plugin Message: Automatic video embedding prevented by plugin options. -->\n\n<p>Would you like to get in touch with us, enquire about a partnership, have questions about the company,\u2026?<\/p>\n\n\n\n<p>Then simply contact us using the e-mail addresses or our <a href=\"#Partner\">contact form<\/a> below.<\/p>\n\n\n\n<div style=\"height:65px\" aria-hidden=\"true\" class=\"wp-block-spacer\"><\/div>\n\n\n\n<h2 class=\"wp-block-heading\">Wholesale<\/h2>\n\n\n\n<div class=\"wp-block-columns is-layout-flex wp-container-core-columns-is-layout-9d6595d7 wp-block-columns-is-layout-flex\">\n<div class=\"wp-block-column is-layout-flow wp-block-column-is-layout-flow\">\n<p><strong>FABER GmbH<\/strong><br>Carlbergergasse 66A <br>1230 Wien<br><a href=\"mailto:office@faber.at\">office@faber.at<\/a> <br><a href=\"http:\/\/www.fabernet.at\">www.fabernet.at<\/a><br><\/p>\n<\/div>\n\n\n\n<div class=\"wp-block-column is-layout-flow wp-block-column-is-layout-flow\">\n<p><strong>FABER MOTO S.R.O.<\/strong><br>Vide\u0148sk\u00e1 849\/15<br>63900 Br\u00fcnn<br><a href=\"mailto:office@faber-moto.cz\">office@faber-moto.cz<\/a><br><a href=\"http:\/\/www.fabernet.at\/cz\">www.fabernet.at\/cz<\/a><\/p>\n<\/div>\n\n\n\n<div class=\"wp-block-column is-layout-flow wp-block-column-is-layout-flow\">\n<p><strong>FABER MOTO SK S.R.O.<\/strong><br>Dia\u013eni\u010dn\u00e1 cesta 20 <br>903 01 Senec<br><a href=\"mailto:office@faber-moto.sk\">office@faber-moto.sk<\/a><br><a href=\"https:\/\/www.fabernet.at\/sk\">www.fabernet.at\/sk<\/a><\/p>\n<\/div>\n<\/div>\n\n\n\n<div style=\"height:65px\" aria-hidden=\"true\" class=\"wp-block-spacer\"><\/div>\n\n\n\n<h2 class=\"wp-block-heading\">Retail<\/h2>\n\n\n\n<div class=\"wp-block-columns is-layout-flex wp-container-core-columns-is-layout-9d6595d7 wp-block-columns-is-layout-flex\">\n<div class=\"wp-block-column is-layout-flow wp-block-column-is-layout-flow\">\n<p><strong>FABER Roller &amp; Bike GmbH<\/strong><br>Richard-Strauss-Str. 34, 1230 Wien <br><a href=\"mailto:store23@faber.at\">store23@faber.at<\/a><br><a href=\"http:\/\/www.faber.at\">www.faber.at<\/a><\/p>\n\n\n\n<p><\/p>\n<\/div>\n\n\n\n<div class=\"wp-block-column is-layout-flow wp-block-column-is-layout-flow\">\n<p><strong>Faber Roller &amp; Bike GmbH<\/strong><br>Praterstra\u00dfe 47, 1020 Wien<br><a href=\"mailto:store02@faber.at\">store02@faber.at<\/a><br><a href=\"http:\/\/www.faber.at\">www.faber.at<\/a><\/p>\n\n\n\n<p><\/p>\n<\/div>\n<\/div>\n\n\n\n<div style=\"height:65px\" aria-hidden=\"true\" class=\"wp-block-spacer\"><\/div>\n\n\n\n<h2 class=\"wp-block-heading\">B2C Onlinetrade<\/h2>\n\n\n\n<p><strong>FABER Ecom GmbH<\/strong><br>Carlbergergasse 66a<br>1230 Wien<br><a href=\"mailto:ecom@faber.at\">ecom@faber.at<\/a><br><a href=\"http:\/\/www.moto4you.world\/\">www.moto4you.world<\/a><\/p>\n\n\n\n<hr class=\"wp-block-separator has-alpha-channel-opacity is-style-wide\" id=\"Partner\"\/>\n\n\n\n<h2 class=\"wp-block-heading\">Become a partner:<\/h2>\n\n\n\n<div class=\"wp-block-contact-form-7-contact-form-selector\">\n<div class=\"wpcf7 no-js\" id=\"wpcf7-f1501-o1\" lang=\"de-AT\" dir=\"ltr\">\n<div class=\"screen-reader-response\"><p role=\"status\" aria-live=\"polite\" aria-atomic=\"true\"><\/p> <ul><\/ul><\/div>\n<form action=\"\/fabergroup\/wp-json\/wp\/v2\/pages\/1510#wpcf7-f1501-o1\" method=\"post\" class=\"wpcf7-form init\" aria-label=\"Contact form\" enctype=\"multipart\/form-data\" novalidate=\"novalidate\" data-status=\"init\">\n<div style=\"display: none;\">\n<input type=\"hidden\" name=\"_wpcf7\" value=\"1501\" \/>\n<input type=\"hidden\" name=\"_wpcf7_version\" value=\"5.9.8\" \/>\n<input type=\"hidden\" name=\"_wpcf7_locale\" value=\"de_AT\" \/>\n<input type=\"hidden\" name=\"_wpcf7_unit_tag\" value=\"wpcf7-f1501-o1\" \/>\n<input type=\"hidden\" name=\"_wpcf7_container_post\" value=\"0\" \/>\n<input type=\"hidden\" name=\"_wpcf7_posted_data_hash\" value=\"\" \/>\n<\/div>\n<p><label> Your name<br \/>\n<span class=\"wpcf7-form-control-wrap\" data-name=\"your-name\"><input size=\"40\" maxlength=\"400\" class=\"wpcf7-form-control wpcf7-text wpcf7-validates-as-required\" autocomplete=\"name\" aria-required=\"true\" aria-invalid=\"false\" value=\"\" type=\"text\" name=\"your-name\" \/><\/span> <\/label>\n<\/p>\n<p><label> Kind of partnership <\/label><span class=\"wpcf7-form-control-wrap\" data-name=\"Kindofpartnership\"><select class=\"wpcf7-form-control wpcf7-select wpcf7-validates-as-required\" aria-required=\"true\" aria-invalid=\"false\" name=\"Kindofpartnership\"><option value=\"\">&#8212;Please choose an option&#8212;<\/option><option value=\"Dealer\">Dealer<\/option><option value=\"Supplier\">Supplier<\/option><\/select><\/span>\n<\/p>\n<p><label> E-Mail-Address<br \/>\n<span class=\"wpcf7-form-control-wrap\" data-name=\"your-email\"><input size=\"40\" maxlength=\"400\" class=\"wpcf7-form-control wpcf7-email wpcf7-validates-as-required wpcf7-text wpcf7-validates-as-email\" autocomplete=\"email\" aria-required=\"true\" aria-invalid=\"false\" value=\"\" type=\"email\" name=\"your-email\" \/><\/span> <\/label>\n<\/p>\n<p><label> Phone number<br \/>\n<span class=\"wpcf7-form-control-wrap\" data-name=\"your-phone\"><input size=\"40\" maxlength=\"400\" class=\"wpcf7-form-control wpcf7-text wpcf7-validates-as-required\" autocomplete=\"phone\" aria-required=\"true\" aria-invalid=\"false\" value=\"\" type=\"text\" name=\"your-phone\" \/><\/span> <\/label>\n<\/p>\n<p><label> Your company<br \/>\n<span class=\"wpcf7-form-control-wrap\" data-name=\"your-company\"><input size=\"40\" maxlength=\"400\" class=\"wpcf7-form-control wpcf7-text wpcf7-validates-as-required\" autocomplete=\"company\" aria-required=\"true\" aria-invalid=\"false\" value=\"\" type=\"text\" name=\"your-company\" \/><\/span> <\/label>\n<\/p>\n<p><label> Address<br \/>\n<span class=\"wpcf7-form-control-wrap\" data-name=\"your-address\"><input size=\"40\" maxlength=\"400\" class=\"wpcf7-form-control wpcf7-text wpcf7-validates-as-required\" autocomplete=\"address\" aria-required=\"true\" aria-invalid=\"false\" value=\"\" type=\"text\" name=\"your-address\" \/><\/span> <\/label>\n<\/p>\n<p><label> Your company website<br \/>\n<span class=\"wpcf7-form-control-wrap\" data-name=\"your-company\"><input size=\"40\" maxlength=\"400\" class=\"wpcf7-form-control wpcf7-text wpcf7-validates-as-required\" autocomplete=\"company\" aria-required=\"true\" aria-invalid=\"false\" value=\"\" type=\"text\" name=\"your-company\" \/><\/span> <\/label>\n<\/p>\n<p><label> Your message<br \/>\n<span class=\"wpcf7-form-control-wrap\" data-name=\"your-message\"><textarea cols=\"40\" rows=\"10\" maxlength=\"2000\" class=\"wpcf7-form-control wpcf7-textarea\" aria-invalid=\"false\" name=\"your-message\"><\/textarea><\/span> <\/label>\n<\/p>\n<p><label> Attachements<br \/>\n<span class=\"wpcf7-form-control-wrap\" data-name=\"Anhang\"><input size=\"40\" class=\"wpcf7-form-control wpcf7-file\" accept=\".doc,.docx,.pdf\" aria-invalid=\"false\" type=\"file\" name=\"Anhang\" \/><\/span> <\/label>\n<\/p>\n<p><input class=\"wpcf7-form-control wpcf7-submit has-spinner\" type=\"submit\" value=\"Submit\" \/>\n<\/p><div class=\"wpcf7-response-output\" aria-hidden=\"true\"><\/div>\n<\/form>\n<\/div>\n<\/div>\n\n\n\n<div style=\"height:100px\" aria-hidden=\"true\" class=\"wp-block-spacer\"><\/div>\n","protected":false},"excerpt":{"rendered":"<p>Would you like to get in touch with us, enquire about a partnership, have questions about the company,\u2026? Then simply contact us using the e-mail addresses or our contact form below. Wholesale FABER GmbHCarlbergergasse 66A 1230 Wienoffice@faber.at www.fabernet.at FABER MOTO S.R.O.Vide\u0148sk\u00e1 849\/1563900 Br\u00fcnnoffice@faber-moto.czwww.fabernet.at\/cz FABER MOTO SK S.R.O.Dia\u013eni\u010dn\u00e1 cesta 20 903 [&hellip;]<\/p>\n","protected":false},"author":2,"featured_media":835,"parent":0,"menu_order":0,"comment_status":"closed","ping_status":"closed","template":"","meta":{"footnotes":""},"class_list":["post-1510","page","type-page","status-publish","has-post-thumbnail","hentry"],"_links":{"self":[{"href":"https:\/\/fabernet.webpreview.at\/fabergroup\/wp-json\/wp\/v2\/pages\/1510","targetHints":{"allow":["GET"]}}],"collection":[{"href":"https:\/\/fabernet.webpreview.at\/fabergroup\/wp-json\/wp\/v2\/pages"}],"about":[{"href":"https:\/\/fabernet.webpreview.at\/fabergroup\/wp-json\/wp\/v2\/types\/page"}],"author":[{"embeddable":true,"href":"https:\/\/fabernet.webpreview.at\/fabergroup\/wp-json\/wp\/v2\/users\/2"}],"replies":[{"embeddable":true,"href":"https:\/\/fabernet.webpreview.at\/fabergroup\/wp-json\/wp\/v2\/comments?post=1510"}],"version-history":[{"count":4,"href":"https:\/\/fabernet.webpreview.at\/fabergroup\/wp-json\/wp\/v2\/pages\/1510\/revisions"}],"predecessor-version":[{"id":1668,"href":"https:\/\/fabernet.webpreview.at\/fabergroup\/wp-json\/wp\/v2\/pages\/1510\/revisions\/1668"}],"wp:featuredmedia":[{"embeddable":true,"href":"https:\/\/fabernet.webpreview.at\/fabergroup\/wp-json\/wp\/v2\/media\/835"}],"wp:attachment":[{"href":"https:\/\/fabernet.webpreview.at\/fabergroup\/wp-json\/wp\/v2\/media?parent=1510"}],"curies":[{"name":"wp","href":"https:\/\/api.w.org\/{rel}","templated":true}]}}